{"id":13533,"date":"2023-09-05T09:14:12","date_gmt":"2023-09-05T09:14:12","guid":{"rendered":"https:\/\/www.wooshpay.com\/?page_id=13533"},"modified":"2023-09-06T08:04:20","modified_gmt":"2023-09-06T08:04:20","slug":"patpat","status":"publish","type":"page","link":"https:\/\/d2jcf4noflr1cd.cloudfront.net\/pt\/patpat\/","title":{"rendered":"patpat"},"content":{"rendered":"<div class=\"wp-block-group alignfull is-style-hover-bg ys-mini-partner-panels has-white-background-color has-background has-global-padding is-layout-constrained wp-container-core-group-is-layout-81a0e9ec wp-block-group-is-layout-constrained\" style=\"padding-top:4vh;padding-right:7vw;padding-bottom:8vh;padding-left:7vw\">\n<div class=\"wp-block-columns alignwide is-layout-flex wp-container-core-columns-is-layout-640fb6f6 wp-block-columns-is-layout-flex\" style=\"margin-top:0;margin-bottom:var(--wp--preset--spacing--40)\">\n<div class=\"wp-block-column is-layout-flow wp-block-column-is-layout-flow\">\n<div class=\"wp-block-uagb-buttons uagb-buttons__outer-wrap uagb-btn__default-btn uagb-btn-tablet__default-btn uagb-btn-mobile__default-btn uagb-block-f0ec68f7\"><div class=\"uagb-buttons__wrap uagb-buttons-layout-wrap\">\n<div class=\"wp-block-uagb-buttons-child uagb-buttons__outer-wrap uagb-block-afbaa0f6 wp-block-button\"><div class=\"uagb-button__wrapper\"><a class=\"uagb-buttons-repeater wp-block-button__link\" href=\"https:\/\/www.wooshpay.com\" onclick=\"return true;\" rel=\"follow noopener\" target=\"_self\"><span class=\"uagb-button__icon uagb-button__icon-position-before\"><svg xmlns=\"https:\/\/www.w3.org\/2000\/svg\" viewbox=\"0 0 256 512\"><path d=\"M192 448c-8.188 0-16.38-3.125-22.62-9.375l-160-160c-12.5-12.5-12.5-32.75 0-45.25l160-160c12.5-12.5 32.75-12.5 45.25 0s12.5 32.75 0 45.25L77.25 256l137.4 137.4c12.5 12.5 12.5 32.75 0 45.25C208.4 444.9 200.2 448 192 448z\"><\/path><\/svg><\/span><div class=\"uagb-button__link\">Voltar<\/div><\/a><\/div><\/div>\n<\/div><\/div>\n<\/div>\n<\/div>\n\n\n\n<div class=\"wp-block-uagb-container uagb-block-4435ad0a alignfull uagb-is-root-container\"><div class=\"uagb-container-inner-blocks-wrap\">\n<div class=\"wp-block-uagb-container uagb-block-f0914c15\">\n<figure class=\"wp-block-image size-full is-resized\"><img decoding=\"async\" src=\"https:\/\/wooshpay-official-img.oss-accelerate.aliyuncs.com\/wp-content\/uploads\/2023\/08\/patpat_white.png?x-oss-process=style\/webp\" alt=\"\" class=\"wp-image-13272\" style=\"height:30px\" height=\"30\"\/><\/figure>\n<\/div>\n\n\n\n<div class=\"wp-block-uagb-container uagb-block-8950ab75\"><\/div>\n<\/div><\/div>\n\n\n\n<div class=\"wp-block-columns alignwide is-layout-flex wp-container-core-columns-is-layout-28f84493 wp-block-columns-is-layout-flex\">\n<div class=\"wp-block-column is-layout-flow wp-block-column-is-layout-flow\">\n<h2 class=\"wp-block-heading has-text-color has-tiny-plus-font-size\" id=\"h-offering-smooth-payment-integration-wooshpay-empowers-patpat-to-enhance-user-shopping-experience\" style=\"color:#333333;margin-top:var(--wp--preset--spacing--30);margin-bottom:var(--wp--preset--spacing--20)\">\"Oferecendo uma integra\u00e7\u00e3o de pagamento suave, o WooshPay capacita a PatPat a aprimorar a experi\u00eancia de compra do usu\u00e1rio.\"<\/h2>\n\n\n\n<p class=\"has-text-color\" style=\"color:#666666;margin-top:0;margin-bottom:0;font-size:14px\">Por meio da integra\u00e7\u00e3o das solu\u00e7\u00f5es inovadoras de pagamento da WooshPay, a Patpat est\u00e1 aprimorando ainda mais a jornada de compras de seus clientes. Utilizando os plug-ins de pagamento do WooshPay nas plataformas Shopify e Shoplazza, a PatPat conseguiu realizar pagamentos em sites independentes de forma segura e cont\u00ednua.<\/p>\n<\/div>\n<\/div>\n<\/div>","protected":false},"excerpt":{"rendered":"<p>\"Oferecendo uma integra\u00e7\u00e3o de pagamento suave, a WooshPay capacita a PatPat a aprimorar a experi\u00eancia de compra do usu\u00e1rio.\" Por meio da integra\u00e7\u00e3o das solu\u00e7\u00f5es inovadoras de pagamento da WooshPay, a Patpat est\u00e1 aprimorando ainda mais a jornada de compras de seus clientes. Utilizando os plug-ins de pagamento do WooshPay nas plataformas Shopify e Shoplazza, a PatPat conseguiu realizar com sucesso pagamentos independentes e seguros em sites independentes.<\/p>","protected":false},"author":1,"featured_media":17289,"parent":0,"menu_order":0,"comment_status":"closed","ping_status":"closed","template":"","meta":{"_uag_custom_page_level_css":"","footnotes":""},"class_list":["post-13533","page","type-page","status-publish","has-post-thumbnail","hentry"],"yoast_head":"<!-- This site is optimized with the Yoast SEO Premium plugin v20.8 (Yoast SEO v24.9) - https:\/\/yoast.com\/wordpress\/plugins\/seo\/ -->\n<title>patpat - WooshPay<\/title>\n<meta name=\"robots\" content=\"index, follow, max-snippet:-1, max-image-preview:large, max-video-preview:-1\" \/>\n<link rel=\"canonical\" href=\"https:\/\/wooshpay.com\/es\/patpat\/\" \/>\n<meta property=\"og:locale\" content=\"pt_BR\" \/>\n<meta property=\"og:type\" content=\"article\" \/>\n<meta property=\"og:title\" content=\"patpat\" \/>\n<meta property=\"og:description\" content=\"&#8220;Offering Smooth Payment Integration, WooshPay Empowers PatPat to Enhance User Shopping Experience.&#8221; Through the integration of WooshPay\u2019s innovative payment solutions, Patpat is further enhancing its customers\u2019 shopping journey. Utilizing WooshPay\u2019s payment plugins on both Shopify and Shoplazza platforms, PatPat has successfully achieved seamless and secure independent site payments.\" \/>\n<meta property=\"og:url\" content=\"https:\/\/wooshpay.com\/es\/patpat\/\" \/>\n<meta property=\"og:site_name\" content=\"WooshPay\" \/>\n<meta property=\"article:modified_time\" content=\"2023-09-06T08:04:20+00:00\" \/>\n<meta property=\"og:image\" content=\"https:\/\/wooshpay-official-img.oss-accelerate.aliyuncs.com\/wp-content\/uploads\/2024\/07\/pic_home_new-2.png\" \/>\n\t<meta property=\"og:image:width\" content=\"2138\" \/>\n\t<meta property=\"og:image:height\" content=\"1438\" \/>\n\t<meta property=\"og:image:type\" content=\"image\/png\" \/>\n<meta name=\"twitter:card\" content=\"summary_large_image\" \/>\n<meta name=\"twitter:label1\" content=\"Est. reading time\" \/>\n\t<meta name=\"twitter:data1\" content=\"1 minuto\" \/>\n<script type=\"application\/ld+json\" class=\"yoast-schema-graph\">{\"@context\":\"https:\/\/schema.org\",\"@graph\":[{\"@type\":\"WebPage\",\"@id\":\"https:\/\/wooshpay.com\/es\/patpat\/\",\"url\":\"https:\/\/wooshpay.com\/es\/patpat\/\",\"name\":\"patpat - WooshPay\",\"isPartOf\":{\"@id\":\"https:\/\/ec2-35-179-65-51.eu-west-2.compute.amazonaws.com\/ko\/#website\"},\"primaryImageOfPage\":{\"@id\":\"https:\/\/wooshpay.com\/es\/patpat\/#primaryimage\"},\"image\":{\"@id\":\"https:\/\/wooshpay.com\/es\/patpat\/#primaryimage\"},\"thumbnailUrl\":\"https:\/\/wooshpay-official-img.oss-accelerate.aliyuncs.com\/wp-content\/uploads\/2024\/07\/pic_home_new-2.png\",\"datePublished\":\"2023-09-05T09:14:12+00:00\",\"dateModified\":\"2023-09-06T08:04:20+00:00\",\"breadcrumb\":{\"@id\":\"https:\/\/wooshpay.com\/es\/patpat\/#breadcrumb\"},\"inLanguage\":\"pt-BR\",\"potentialAction\":[{\"@type\":\"ReadAction\",\"target\":[\"https:\/\/wooshpay.com\/es\/patpat\/\"]}]},{\"@type\":\"ImageObject\",\"inLanguage\":\"pt-BR\",\"@id\":\"https:\/\/wooshpay.com\/es\/patpat\/#primaryimage\",\"url\":\"https:\/\/wooshpay-official-img.oss-accelerate.aliyuncs.com\/wp-content\/uploads\/2024\/07\/pic_home_new-2.png\",\"contentUrl\":\"https:\/\/wooshpay-official-img.oss-accelerate.aliyuncs.com\/wp-content\/uploads\/2024\/07\/pic_home_new-2.png\",\"width\":2138,\"height\":1438},{\"@type\":\"BreadcrumbList\",\"@id\":\"https:\/\/wooshpay.com\/es\/patpat\/#breadcrumb\",\"itemListElement\":[{\"@type\":\"ListItem\",\"position\":1,\"name\":\"Home\",\"item\":\"https:\/\/ec2-35-179-65-51.eu-west-2.compute.amazonaws.com\/ko\/\"},{\"@type\":\"ListItem\",\"position\":2,\"name\":\"patpat\"}]},{\"@type\":\"WebSite\",\"@id\":\"https:\/\/ec2-35-179-65-51.eu-west-2.compute.amazonaws.com\/ko\/#website\",\"url\":\"https:\/\/ec2-35-179-65-51.eu-west-2.compute.amazonaws.com\/ko\/\",\"name\":\"WooshPay\",\"description\":\"One-stop payment platform\",\"potentialAction\":[{\"@type\":\"SearchAction\",\"target\":{\"@type\":\"EntryPoint\",\"urlTemplate\":\"https:\/\/ec2-35-179-65-51.eu-west-2.compute.amazonaws.com\/ko\/?s={search_term_string}\"},\"query-input\":{\"@type\":\"PropertyValueSpecification\",\"valueRequired\":true,\"valueName\":\"search_term_string\"}}],\"inLanguage\":\"pt-BR\"}]}<\/script>\n<!-- \/ Yoast SEO Premium plugin. -->","yoast_head_json":{"title":"patpat - WooshPay","robots":{"index":"index","follow":"follow","max-snippet":"max-snippet:-1","max-image-preview":"max-image-preview:large","max-video-preview":"max-video-preview:-1"},"canonical":"https:\/\/wooshpay.com\/es\/patpat\/","og_locale":"pt_BR","og_type":"article","og_title":"patpat","og_description":"&#8220;Offering Smooth Payment Integration, WooshPay Empowers PatPat to Enhance User Shopping Experience.&#8221; Through the integration of WooshPay\u2019s innovative payment solutions, Patpat is further enhancing its customers\u2019 shopping journey. Utilizing WooshPay\u2019s payment plugins on both Shopify and Shoplazza platforms, PatPat has successfully achieved seamless and secure independent site payments.","og_url":"https:\/\/wooshpay.com\/es\/patpat\/","og_site_name":"WooshPay","article_modified_time":"2023-09-06T08:04:20+00:00","og_image":[{"width":2138,"height":1438,"url":"https:\/\/wooshpay-official-img.oss-accelerate.aliyuncs.com\/wp-content\/uploads\/2024\/07\/pic_home_new-2.png","type":"image\/png"}],"twitter_card":"summary_large_image","twitter_misc":{"Est. reading time":"1 minuto"},"schema":{"@context":"https:\/\/schema.org","@graph":[{"@type":"WebPage","@id":"https:\/\/wooshpay.com\/es\/patpat\/","url":"https:\/\/wooshpay.com\/es\/patpat\/","name":"patpat - WooshPay","isPartOf":{"@id":"https:\/\/ec2-35-179-65-51.eu-west-2.compute.amazonaws.com\/ko\/#website"},"primaryImageOfPage":{"@id":"https:\/\/wooshpay.com\/es\/patpat\/#primaryimage"},"image":{"@id":"https:\/\/wooshpay.com\/es\/patpat\/#primaryimage"},"thumbnailUrl":"https:\/\/wooshpay-official-img.oss-accelerate.aliyuncs.com\/wp-content\/uploads\/2024\/07\/pic_home_new-2.png","datePublished":"2023-09-05T09:14:12+00:00","dateModified":"2023-09-06T08:04:20+00:00","breadcrumb":{"@id":"https:\/\/wooshpay.com\/es\/patpat\/#breadcrumb"},"inLanguage":"pt-BR","potentialAction":[{"@type":"ReadAction","target":["https:\/\/wooshpay.com\/es\/patpat\/"]}]},{"@type":"ImageObject","inLanguage":"pt-BR","@id":"https:\/\/wooshpay.com\/es\/patpat\/#primaryimage","url":"https:\/\/wooshpay-official-img.oss-accelerate.aliyuncs.com\/wp-content\/uploads\/2024\/07\/pic_home_new-2.png","contentUrl":"https:\/\/wooshpay-official-img.oss-accelerate.aliyuncs.com\/wp-content\/uploads\/2024\/07\/pic_home_new-2.png","width":2138,"height":1438},{"@type":"BreadcrumbList","@id":"https:\/\/wooshpay.com\/es\/patpat\/#breadcrumb","itemListElement":[{"@type":"ListItem","position":1,"name":"Home","item":"https:\/\/ec2-35-179-65-51.eu-west-2.compute.amazonaws.com\/ko\/"},{"@type":"ListItem","position":2,"name":"patpat"}]},{"@type":"WebSite","@id":"https:\/\/ec2-35-179-65-51.eu-west-2.compute.amazonaws.com\/ko\/#website","url":"https:\/\/ec2-35-179-65-51.eu-west-2.compute.amazonaws.com\/ko\/","name":"WooshPay","description":"Plataforma de pagamento em um s\u00f3 lugar","potentialAction":[{"@type":"SearchAction","target":{"@type":"EntryPoint","urlTemplate":"https:\/\/ec2-35-179-65-51.eu-west-2.compute.amazonaws.com\/ko\/?s={search_term_string}"},"query-input":{"@type":"PropertyValueSpecification","valueRequired":true,"valueName":"search_term_string"}}],"inLanguage":"pt-BR"}]}},"uagb_featured_image_src":{"full":["https:\/\/wooshpay-official-img.oss-accelerate.aliyuncs.com\/wp-content\/uploads\/2024\/07\/pic_home_new-2.png",2138,1438,false],"thumbnail":["https:\/\/wooshpay-official-img.oss-accelerate.aliyuncs.com\/wp-content\/uploads\/2024\/07\/pic_home_new-2-150x150.png",150,150,true],"medium":["https:\/\/wooshpay-official-img.oss-accelerate.aliyuncs.com\/wp-content\/uploads\/2024\/07\/pic_home_new-2-300x202.png",300,202,true],"medium_large":["https:\/\/wooshpay-official-img.oss-accelerate.aliyuncs.com\/wp-content\/uploads\/2024\/07\/pic_home_new-2-768x517.png",768,517,true],"large":["https:\/\/wooshpay-official-img.oss-accelerate.aliyuncs.com\/wp-content\/uploads\/2024\/07\/pic_home_new-2-1024x689.png",1024,689,true],"1536x1536":["https:\/\/wooshpay-official-img.oss-accelerate.aliyuncs.com\/wp-content\/uploads\/2024\/07\/pic_home_new-2-1536x1033.png",1536,1033,true],"2048x2048":["https:\/\/wooshpay-official-img.oss-accelerate.aliyuncs.com\/wp-content\/uploads\/2024\/07\/pic_home_new-2-2048x1377.png",2048,1377,true],"trp-custom-language-flag":["https:\/\/wooshpay-official-img.oss-accelerate.aliyuncs.com\/wp-content\/uploads\/2024\/07\/pic_home_new-2-18x12.png",18,12,true]},"uagb_author_info":{"display_name":"wooshpaysite\u7ba1\u7406\u5458","author_link":"https:\/\/d2jcf4noflr1cd.cloudfront.net\/pt\/author\/wooshpaysiteadmin\/"},"uagb_comment_info":0,"uagb_excerpt":"&#8220;Offering Smooth Payment Integration, WooshPay Empowers PatPat to Enhance User Shopping Experience.&#8221; Through the integration of WooshPay\u2019s innovative payment solutions, Patpat is further enhancing its customers\u2019 shopping journey. Utilizing WooshPay\u2019s payment plugins on both Shopify and Shoplazza platforms, PatPat has successfully achieved seamless and secure independent site payments.","_links":{"self":[{"href":"https:\/\/d2jcf4noflr1cd.cloudfront.net\/pt\/wp-json\/wp\/v2\/pages\/13533","targetHints":{"allow":["GET"]}}],"collection":[{"href":"https:\/\/d2jcf4noflr1cd.cloudfront.net\/pt\/wp-json\/wp\/v2\/pages"}],"about":[{"href":"https:\/\/d2jcf4noflr1cd.cloudfront.net\/pt\/wp-json\/wp\/v2\/types\/page"}],"author":[{"embeddable":true,"href":"https:\/\/d2jcf4noflr1cd.cloudfront.net\/pt\/wp-json\/wp\/v2\/users\/1"}],"replies":[{"embeddable":true,"href":"https:\/\/d2jcf4noflr1cd.cloudfront.net\/pt\/wp-json\/wp\/v2\/comments?post=13533"}],"version-history":[{"count":0,"href":"https:\/\/d2jcf4noflr1cd.cloudfront.net\/pt\/wp-json\/wp\/v2\/pages\/13533\/revisions"}],"wp:featuredmedia":[{"embeddable":true,"href":"https:\/\/d2jcf4noflr1cd.cloudfront.net\/pt\/wp-json\/wp\/v2\/media\/17289"}],"wp:attachment":[{"href":"https:\/\/d2jcf4noflr1cd.cloudfront.net\/pt\/wp-json\/wp\/v2\/media?parent=13533"}],"curies":[{"name":"wp","href":"https:\/\/api.w.org\/{rel}","templated":true}]}}