{"id":11594,"date":"2023-07-27T13:10:30","date_gmt":"2023-07-27T13:10:30","guid":{"rendered":"https:\/\/www.wooshpay.com\/?page_id=11594"},"modified":"2023-08-18T09:35:21","modified_gmt":"2023-08-18T09:35:21","slug":"visa","status":"publish","type":"page","link":"https:\/\/d2jcf4noflr1cd.cloudfront.net\/pt\/visa\/","title":{"rendered":"Visto"},"content":{"rendered":"<div class=\"wp-block-group alignfull has-white-background-color has-background has-global-padding is-layout-constrained wp-container-core-group-is-layout-6878b7b2 wp-block-group-is-layout-constrained\" style=\"padding-top:var(--wp--preset--spacing--70);padding-right:7vw;padding-bottom:var(--wp--preset--spacing--70);padding-left:7vw\">\n<div class=\"wp-block-columns alignwide are-vertically-aligned-center is-layout-flex wp-container-core-columns-is-layout-297af284 wp-block-columns-is-layout-flex\" style=\"margin-top:var(--wp--preset--spacing--70);margin-bottom:var(--wp--preset--spacing--60)\">\n<div class=\"wp-block-column is-vertically-aligned-center is-layout-flow wp-block-column-is-layout-flow\" style=\"flex-basis:800px\">\n<div class=\"wp-block-uagb-buttons uagb-buttons__outer-wrap uagb-btn__default-btn uagb-btn-tablet__default-btn uagb-btn-mobile__default-btn uagb-block-87fdc6ea\"><div class=\"uagb-buttons__wrap uagb-buttons-layout-wrap\">\n<div class=\"wp-block-uagb-buttons-child uagb-buttons__outer-wrap uagb-block-49fd817d wp-block-button\"><div class=\"uagb-button__wrapper\"><a class=\"uagb-buttons-repeater wp-block-button__link\" href=\"https:\/\/wooshpay.com\/payment-methods\/\" onclick=\"return true;\" rel=\"follow noopener\" target=\"_self\"><span class=\"uagb-button__icon uagb-button__icon-position-before\"><svg xmlns=\"https:\/\/www.w3.org\/2000\/svg\" viewbox=\"0 0 448 512\"><path d=\"M447.1 256C447.1 273.7 433.7 288 416 288H109.3l105.4 105.4c12.5 12.5 12.5 32.75 0 45.25C208.4 444.9 200.2 448 192 448s-16.38-3.125-22.62-9.375l-160-160c-12.5-12.5-12.5-32.75 0-45.25l160-160c12.5-12.5 32.75-12.5 45.25 0s12.5 32.75 0 45.25L109.3 224H416C433.7 224 447.1 238.3 447.1 256z\"><\/path><\/svg><\/span><div class=\"uagb-button__link\">Mais m\u00e9todos de pagamento<\/div><\/a><\/div><\/div>\n<\/div><\/div>\n\n\n\n<div class=\"wp-block-columns is-layout-flex wp-container-core-columns-is-layout-28f84493 wp-block-columns-is-layout-flex\">\n<div class=\"wp-block-column is-layout-flow wp-block-column-is-layout-flow\">\n<h2 class=\"wp-block-heading has-background-alt-color has-text-color has-medium-plus-font-size\" id=\"h-visa\" style=\"margin-bottom:var(--wp--preset--spacing--40)\">Visto<\/h2>\n\n\n\n<p class=\"has-text-color has-tiny-plus-font-size\" style=\"color:#333333;margin-top:0\">Use o pagamento sem contato da Visa para pagar com um toque. Preste aten\u00e7\u00e3o ao sinal de pagamento sem contato no dispositivo do terminal de caixa e toque no seu cart\u00e3o de pagamento sem contato ou no dispositivo habilitado para pagamento para concluir o pagamento.<\/p>\n<\/div>\n<\/div>\n<\/div>\n\n\n\n<div class=\"wp-block-column is-layout-flow wp-block-column-is-layout-flow\" style=\"padding-top:var(--wp--preset--spacing--30);flex-basis:500px\">\n<div class=\"wp-block-columns has-background is-layout-flex wp-container-core-columns-is-layout-a713553b wp-block-columns-is-layout-flex\" style=\"border-radius:16px;background-color:#d2d7f6;padding-top:120px;padding-bottom:120px\">\n<div class=\"wp-block-column is-layout-flow wp-block-column-is-layout-flow\">\n<figure class=\"wp-block-image aligncenter size-full is-resized\"><img decoding=\"async\" src=\"https:\/\/wooshpay-official-img.oss-accelerate.aliyuncs.com\/wp-content\/uploads\/2023\/07\/1_visa-1.png?x-oss-process=style\/webp\" alt=\"\" class=\"wp-image-11253\" style=\"width:91px;height:61px\" width=\"91\" height=\"61\"\/><\/figure>\n<\/div>\n<\/div>\n<\/div>\n<\/div>\n<\/div>\n\n\n\n<div class=\"wp-block-group alignfull has-global-padding is-layout-constrained wp-block-group-is-layout-constrained\">\n<div class=\"wp-block-group alignfull has-white-background-color has-background has-global-padding is-layout-constrained wp-container-core-group-is-layout-cab40a1a wp-block-group-is-layout-constrained\" style=\"padding-right:7vw;padding-bottom:120px;padding-left:7vw\">\n<div class=\"wp-block-columns alignwide is-layout-flex wp-container-core-columns-is-layout-28f84493 wp-block-columns-is-layout-flex\">\n<div class=\"wp-block-column is-layout-flow wp-block-column-is-layout-flow\">\n<figure class=\"wp-block-image size-full is-resized\"><img decoding=\"async\" src=\"https:\/\/wooshpay-official-img.oss-accelerate.aliyuncs.com\/wp-content\/uploads\/2023\/08\/iocn_1.png?x-oss-process=style\/webp\" alt=\"\" class=\"wp-image-13146\" style=\"height:50px\" height=\"50\"\/><\/figure>\n\n\n\n<h6 class=\"wp-block-heading has-text-color\" id=\"h-expanding-into-new-global-markets\" style=\"color:#333333;margin-top:0;margin-right:0;margin-bottom:var(--wp--preset--spacing--30);margin-left:0;font-size:clamp(14.642px, 0.915rem + ((1vw - 3.2px) * 0.575), 22px);\">Expans\u00e3o para novos mercados globais<\/h6>\n\n\n\n<p class=\"has-text-color has-tiny-plus-font-size\" style=\"color:#666666;margin-top:0;margin-bottom:0\">Pa\u00edses diferentes apresentam prefer\u00eancias distintas de m\u00e9todos de pagamento. Ofere\u00e7a os m\u00e9todos de pagamento necess\u00e1rios para os consumidores locais.<\/p>\n<\/div>\n\n\n\n<div class=\"wp-block-column is-layout-flow wp-block-column-is-layout-flow\">\n<figure class=\"wp-block-image size-full is-resized\"><img decoding=\"async\" src=\"https:\/\/wooshpay-official-img.oss-accelerate.aliyuncs.com\/wp-content\/uploads\/2023\/08\/icon_2-2.png?x-oss-process=style\/webp\" alt=\"\" class=\"wp-image-13144\" style=\"height:50px\" height=\"50\"\/><\/figure>\n\n\n\n<h6 class=\"wp-block-heading has-text-color\" id=\"h-increasing-conversion-rates\" style=\"color:#333333;margin-top:0;margin-right:0;margin-bottom:var(--wp--preset--spacing--30);margin-left:0;font-size:clamp(14.642px, 0.915rem + ((1vw - 3.2px) * 0.575), 22px);\">Aumento das taxas de convers\u00e3o<\/h6>\n\n\n\n<p class=\"has-text-color has-tiny-plus-font-size\" style=\"color:#666666;margin-top:0;margin-bottom:0\">Devido \u00e0 utiliza\u00e7\u00e3o de conex\u00f5es de processamento locais, os m\u00e9todos de pagamento locais s\u00e3o mais favorecidos nas institui\u00e7\u00f5es emissoras.<\/p>\n<\/div>\n\n\n\n<div class=\"wp-block-column is-layout-flow wp-block-column-is-layout-flow\">\n<figure class=\"wp-block-image size-full is-resized\"><img decoding=\"async\" src=\"https:\/\/wooshpay-official-img.oss-accelerate.aliyuncs.com\/wp-content\/uploads\/2023\/08\/icon_3-1.png?x-oss-process=style\/webp\" alt=\"\" class=\"wp-image-13145\" style=\"height:50px\" height=\"50\"\/><\/figure>\n\n\n\n<h6 class=\"wp-block-heading has-text-color\" id=\"h-integrated-integration\" style=\"color:#333333;margin-top:0;margin-right:0;margin-bottom:var(--wp--preset--spacing--30);margin-left:0;font-size:clamp(14.642px, 0.915rem + ((1vw - 3.2px) * 0.575), 22px);\">Integra\u00e7\u00e3o integrada<\/h6>\n\n\n\n<p class=\"has-text-color has-tiny-plus-font-size\" style=\"color:#666666;margin-top:0;margin-bottom:0\">Para que o uso de pagamentos globais seja amplamente difundido, recomenda-se adotar a integra\u00e7\u00e3o integrada para garantir o v\u00ednculo colaborativo entre os provedores de pagamento e as institui\u00e7\u00f5es adquirentes.<\/p>\n<\/div>\n<\/div>\n<\/div>\n<\/div>","protected":false},"excerpt":{"rendered":"<p>Visa Use Visa&#8217;s contactless payment to pay with one touch. Pay attention to the contactless payment sign on the checkout terminal device and tap your contactless payment card or payment enabled device to complete the payment. Expanding into New Global Markets Different countries exhibit distinct payment method preferences. Offer the required payment methods for local [&hellip;]<\/p>","protected":false},"author":1,"featured_media":17289,"parent":0,"menu_order":0,"comment_status":"closed","ping_status":"closed","template":"","meta":{"_uag_custom_page_level_css":"","footnotes":""},"class_list":["post-11594","page","type-page","status-publish","has-post-thumbnail","hentry"],"yoast_head":"<!-- This site is optimized with the Yoast SEO Premium plugin v20.8 (Yoast SEO v24.9) - https:\/\/yoast.com\/wordpress\/plugins\/seo\/ -->\n<title>Visa - WooshPay<\/title>\n<meta name=\"robots\" content=\"index, follow, max-snippet:-1, max-image-preview:large, max-video-preview:-1\" \/>\n<link rel=\"canonical\" href=\"https:\/\/d2jcf4noflr1cd.cloudfront.net\/pt\/visa\/\" \/>\n<meta property=\"og:locale\" content=\"pt_BR\" \/>\n<meta property=\"og:type\" content=\"article\" \/>\n<meta property=\"og:title\" content=\"Visa\" \/>\n<meta property=\"og:description\" content=\"Visa Use Visa&#8217;s contactless payment to pay with one touch. Pay attention to the contactless payment sign on the checkout terminal device and tap your contactless payment card or payment enabled device to complete the payment. Expanding into New Global Markets Different countries exhibit distinct payment method preferences. Offer the required payment methods for local [&hellip;]\" \/>\n<meta property=\"og:url\" content=\"https:\/\/d2jcf4noflr1cd.cloudfront.net\/pt\/visa\/\" \/>\n<meta property=\"og:site_name\" content=\"WooshPay\" \/>\n<meta property=\"article:modified_time\" content=\"2023-08-18T09:35:21+00:00\" \/>\n<meta property=\"og:image\" content=\"https:\/\/wooshpay-official-img.oss-accelerate.aliyuncs.com\/wp-content\/uploads\/2024\/07\/pic_home_new-2.png\" \/>\n\t<meta property=\"og:image:width\" content=\"2138\" \/>\n\t<meta property=\"og:image:height\" content=\"1438\" \/>\n\t<meta property=\"og:image:type\" content=\"image\/png\" \/>\n<meta name=\"twitter:card\" content=\"summary_large_image\" \/>\n<meta name=\"twitter:label1\" content=\"Est. reading time\" \/>\n\t<meta name=\"twitter:data1\" content=\"2 minutos\" \/>\n<script type=\"application\/ld+json\" class=\"yoast-schema-graph\">{\"@context\":\"https:\/\/schema.org\",\"@graph\":[{\"@type\":\"WebPage\",\"@id\":\"https:\/\/d2jcf4noflr1cd.cloudfront.net\/es\/visa\/\",\"url\":\"https:\/\/d2jcf4noflr1cd.cloudfront.net\/es\/visa\/\",\"name\":\"Visa - WooshPay\",\"isPartOf\":{\"@id\":\"https:\/\/www.wooshpay.com\/ko\/#website\"},\"primaryImageOfPage\":{\"@id\":\"https:\/\/d2jcf4noflr1cd.cloudfront.net\/es\/visa\/#primaryimage\"},\"image\":{\"@id\":\"https:\/\/d2jcf4noflr1cd.cloudfront.net\/es\/visa\/#primaryimage\"},\"thumbnailUrl\":\"https:\/\/wooshpay-official-img.oss-accelerate.aliyuncs.com\/wp-content\/uploads\/2024\/07\/pic_home_new-2.png\",\"datePublished\":\"2023-07-27T13:10:30+00:00\",\"dateModified\":\"2023-08-18T09:35:21+00:00\",\"breadcrumb\":{\"@id\":\"https:\/\/d2jcf4noflr1cd.cloudfront.net\/es\/visa\/#breadcrumb\"},\"inLanguage\":\"pt-BR\",\"potentialAction\":[{\"@type\":\"ReadAction\",\"target\":[\"https:\/\/d2jcf4noflr1cd.cloudfront.net\/es\/visa\/\"]}]},{\"@type\":\"ImageObject\",\"inLanguage\":\"pt-BR\",\"@id\":\"https:\/\/d2jcf4noflr1cd.cloudfront.net\/es\/visa\/#primaryimage\",\"url\":\"https:\/\/wooshpay-official-img.oss-accelerate.aliyuncs.com\/wp-content\/uploads\/2024\/07\/pic_home_new-2.png\",\"contentUrl\":\"https:\/\/wooshpay-official-img.oss-accelerate.aliyuncs.com\/wp-content\/uploads\/2024\/07\/pic_home_new-2.png\",\"width\":2138,\"height\":1438},{\"@type\":\"BreadcrumbList\",\"@id\":\"https:\/\/d2jcf4noflr1cd.cloudfront.net\/es\/visa\/#breadcrumb\",\"itemListElement\":[{\"@type\":\"ListItem\",\"position\":1,\"name\":\"Home\",\"item\":\"https:\/\/www.wooshpay.com\/ko\/\"},{\"@type\":\"ListItem\",\"position\":2,\"name\":\"Visa\"}]},{\"@type\":\"WebSite\",\"@id\":\"https:\/\/www.wooshpay.com\/ko\/#website\",\"url\":\"https:\/\/www.wooshpay.com\/ko\/\",\"name\":\"WooshPay\",\"description\":\"One-stop payment platform\",\"potentialAction\":[{\"@type\":\"SearchAction\",\"target\":{\"@type\":\"EntryPoint\",\"urlTemplate\":\"https:\/\/www.wooshpay.com\/ko\/?s={search_term_string}\"},\"query-input\":{\"@type\":\"PropertyValueSpecification\",\"valueRequired\":true,\"valueName\":\"search_term_string\"}}],\"inLanguage\":\"pt-BR\"}]}<\/script>\n<!-- \/ Yoast SEO Premium plugin. -->","yoast_head_json":{"title":"Visa - WooshPay","robots":{"index":"index","follow":"follow","max-snippet":"max-snippet:-1","max-image-preview":"max-image-preview:large","max-video-preview":"max-video-preview:-1"},"canonical":"https:\/\/d2jcf4noflr1cd.cloudfront.net\/pt\/visa\/","og_locale":"pt_BR","og_type":"article","og_title":"Visa","og_description":"Visa Use Visa&#8217;s contactless payment to pay with one touch. Pay attention to the contactless payment sign on the checkout terminal device and tap your contactless payment card or payment enabled device to complete the payment. Expanding into New Global Markets Different countries exhibit distinct payment method preferences. Offer the required payment methods for local [&hellip;]","og_url":"https:\/\/d2jcf4noflr1cd.cloudfront.net\/pt\/visa\/","og_site_name":"WooshPay","article_modified_time":"2023-08-18T09:35:21+00:00","og_image":[{"width":2138,"height":1438,"url":"https:\/\/wooshpay-official-img.oss-accelerate.aliyuncs.com\/wp-content\/uploads\/2024\/07\/pic_home_new-2.png","type":"image\/png"}],"twitter_card":"summary_large_image","twitter_misc":{"Est. reading time":"2 minutos"},"schema":{"@context":"https:\/\/schema.org","@graph":[{"@type":"WebPage","@id":"https:\/\/d2jcf4noflr1cd.cloudfront.net\/es\/visa\/","url":"https:\/\/d2jcf4noflr1cd.cloudfront.net\/es\/visa\/","name":"Visa - WooshPay","isPartOf":{"@id":"https:\/\/www.wooshpay.com\/ko\/#website"},"primaryImageOfPage":{"@id":"https:\/\/d2jcf4noflr1cd.cloudfront.net\/es\/visa\/#primaryimage"},"image":{"@id":"https:\/\/d2jcf4noflr1cd.cloudfront.net\/es\/visa\/#primaryimage"},"thumbnailUrl":"https:\/\/wooshpay-official-img.oss-accelerate.aliyuncs.com\/wp-content\/uploads\/2024\/07\/pic_home_new-2.png","datePublished":"2023-07-27T13:10:30+00:00","dateModified":"2023-08-18T09:35:21+00:00","breadcrumb":{"@id":"https:\/\/d2jcf4noflr1cd.cloudfront.net\/es\/visa\/#breadcrumb"},"inLanguage":"pt-BR","potentialAction":[{"@type":"ReadAction","target":["https:\/\/d2jcf4noflr1cd.cloudfront.net\/es\/visa\/"]}]},{"@type":"ImageObject","inLanguage":"pt-BR","@id":"https:\/\/d2jcf4noflr1cd.cloudfront.net\/es\/visa\/#primaryimage","url":"https:\/\/wooshpay-official-img.oss-accelerate.aliyuncs.com\/wp-content\/uploads\/2024\/07\/pic_home_new-2.png","contentUrl":"https:\/\/wooshpay-official-img.oss-accelerate.aliyuncs.com\/wp-content\/uploads\/2024\/07\/pic_home_new-2.png","width":2138,"height":1438},{"@type":"BreadcrumbList","@id":"https:\/\/d2jcf4noflr1cd.cloudfront.net\/es\/visa\/#breadcrumb","itemListElement":[{"@type":"ListItem","position":1,"name":"Home","item":"https:\/\/www.wooshpay.com\/ko\/"},{"@type":"ListItem","position":2,"name":"Visa"}]},{"@type":"WebSite","@id":"https:\/\/www.wooshpay.com\/ko\/#website","url":"https:\/\/www.wooshpay.com\/ko\/","name":"WooshPay","description":"Plataforma de pagamento em um s\u00f3 lugar","potentialAction":[{"@type":"SearchAction","target":{"@type":"EntryPoint","urlTemplate":"https:\/\/www.wooshpay.com\/ko\/?s={search_term_string}"},"query-input":{"@type":"PropertyValueSpecification","valueRequired":true,"valueName":"search_term_string"}}],"inLanguage":"pt-BR"}]}},"uagb_featured_image_src":{"full":["https:\/\/wooshpay-official-img.oss-accelerate.aliyuncs.com\/wp-content\/uploads\/2024\/07\/pic_home_new-2.png",2138,1438,false],"thumbnail":["https:\/\/wooshpay-official-img.oss-accelerate.aliyuncs.com\/wp-content\/uploads\/2024\/07\/pic_home_new-2-150x150.png",150,150,true],"medium":["https:\/\/wooshpay-official-img.oss-accelerate.aliyuncs.com\/wp-content\/uploads\/2024\/07\/pic_home_new-2-300x202.png",300,202,true],"medium_large":["https:\/\/wooshpay-official-img.oss-accelerate.aliyuncs.com\/wp-content\/uploads\/2024\/07\/pic_home_new-2-768x517.png",768,517,true],"large":["https:\/\/wooshpay-official-img.oss-accelerate.aliyuncs.com\/wp-content\/uploads\/2024\/07\/pic_home_new-2-1024x689.png",1024,689,true],"1536x1536":["https:\/\/wooshpay-official-img.oss-accelerate.aliyuncs.com\/wp-content\/uploads\/2024\/07\/pic_home_new-2-1536x1033.png",1536,1033,true],"2048x2048":["https:\/\/wooshpay-official-img.oss-accelerate.aliyuncs.com\/wp-content\/uploads\/2024\/07\/pic_home_new-2-2048x1377.png",2048,1377,true],"trp-custom-language-flag":["https:\/\/wooshpay-official-img.oss-accelerate.aliyuncs.com\/wp-content\/uploads\/2024\/07\/pic_home_new-2-18x12.png",18,12,true]},"uagb_author_info":{"display_name":"wooshpaysite\u7ba1\u7406\u5458","author_link":"https:\/\/d2jcf4noflr1cd.cloudfront.net\/pt\/author\/wooshpaysiteadmin\/"},"uagb_comment_info":0,"uagb_excerpt":"Visa Use Visa&#8217;s contactless payment to pay with one touch. Pay attention to the contactless payment sign on the checkout terminal device and tap your contactless payment card or payment enabled device to complete the payment. Expanding into New Global Markets Different countries exhibit distinct payment method preferences. Offer the required payment methods for local&hellip;","_links":{"self":[{"href":"https:\/\/d2jcf4noflr1cd.cloudfront.net\/pt\/wp-json\/wp\/v2\/pages\/11594","targetHints":{"allow":["GET"]}}],"collection":[{"href":"https:\/\/d2jcf4noflr1cd.cloudfront.net\/pt\/wp-json\/wp\/v2\/pages"}],"about":[{"href":"https:\/\/d2jcf4noflr1cd.cloudfront.net\/pt\/wp-json\/wp\/v2\/types\/page"}],"author":[{"embeddable":true,"href":"https:\/\/d2jcf4noflr1cd.cloudfront.net\/pt\/wp-json\/wp\/v2\/users\/1"}],"replies":[{"embeddable":true,"href":"https:\/\/d2jcf4noflr1cd.cloudfront.net\/pt\/wp-json\/wp\/v2\/comments?post=11594"}],"version-history":[{"count":0,"href":"https:\/\/d2jcf4noflr1cd.cloudfront.net\/pt\/wp-json\/wp\/v2\/pages\/11594\/revisions"}],"wp:featuredmedia":[{"embeddable":true,"href":"https:\/\/d2jcf4noflr1cd.cloudfront.net\/pt\/wp-json\/wp\/v2\/media\/17289"}],"wp:attachment":[{"href":"https:\/\/d2jcf4noflr1cd.cloudfront.net\/pt\/wp-json\/wp\/v2\/media?parent=11594"}],"curies":[{"name":"wp","href":"https:\/\/api.w.org\/{rel}","templated":true}]}}