{"id":13543,"date":"2023-09-05T09:16:13","date_gmt":"2023-09-05T09:16:13","guid":{"rendered":"https:\/\/www.wooshpay.com\/?page_id=13543"},"modified":"2023-09-06T08:04:24","modified_gmt":"2023-09-06T08:04:24","slug":"starmaker2","status":"publish","type":"page","link":"https:\/\/d2jcf4noflr1cd.cloudfront.net\/fr\/starmaker2\/","title":{"rendered":"starmaker"},"content":{"rendered":"<div class=\"wp-block-group alignfull is-style-hover-bg ys-mini-partner-panels has-white-background-color has-background has-global-padding is-layout-constrained wp-container-core-group-is-layout-81a0e9ec wp-block-group-is-layout-constrained\" style=\"padding-top:4vh;padding-right:7vw;padding-bottom:8vh;padding-left:7vw\">\n<div class=\"wp-block-columns alignwide is-layout-flex wp-container-core-columns-is-layout-640fb6f6 wp-block-columns-is-layout-flex\" style=\"margin-top:0;margin-bottom:var(--wp--preset--spacing--40)\">\n<div class=\"wp-block-column is-layout-flow wp-block-column-is-layout-flow\">\n<div class=\"wp-block-uagb-buttons uagb-buttons__outer-wrap uagb-btn__default-btn uagb-btn-tablet__default-btn uagb-btn-mobile__default-btn uagb-block-5247c72e\"><div class=\"uagb-buttons__wrap uagb-buttons-layout-wrap\">\n<div class=\"wp-block-uagb-buttons-child uagb-buttons__outer-wrap uagb-block-45f36a81 wp-block-button\"><div class=\"uagb-button__wrapper\"><a class=\"uagb-buttons-repeater wp-block-button__link\" href=\"https:\/\/www.wooshpay.com\" onclick=\"return true;\" rel=\"follow noopener\" target=\"_self\"><span class=\"uagb-button__icon uagb-button__icon-position-before\"><svg xmlns=\"https:\/\/www.w3.org\/2000\/svg\" viewbox=\"0 0 256 512\"><path d=\"M192 448c-8.188 0-16.38-3.125-22.62-9.375l-160-160c-12.5-12.5-12.5-32.75 0-45.25l160-160c12.5-12.5 32.75-12.5 45.25 0s12.5 32.75 0 45.25L77.25 256l137.4 137.4c12.5 12.5 12.5 32.75 0 45.25C208.4 444.9 200.2 448 192 448z\"><\/path><\/svg><\/span><div class=\"uagb-button__link\">Retour<\/div><\/a><\/div><\/div>\n<\/div><\/div>\n<\/div>\n<\/div>\n\n\n\n<div class=\"wp-block-uagb-container uagb-block-45fe170c alignfull uagb-is-root-container\"><div class=\"uagb-container-inner-blocks-wrap\">\n<div class=\"wp-block-uagb-container uagb-block-082136e8\">\n<figure class=\"wp-block-image size-full is-resized\"><img decoding=\"async\" src=\"https:\/\/wooshpay-official-img.oss-accelerate.aliyuncs.com\/wp-content\/uploads\/2023\/08\/Activity_White_2.png?x-oss-process=style\/webp\" alt=\"\" class=\"wp-image-12285\" style=\"height:30px\" height=\"30\"\/><\/figure>\n<\/div>\n\n\n\n<div class=\"wp-block-uagb-container uagb-block-5d5b03a5\"><\/div>\n<\/div><\/div>\n\n\n\n<div class=\"wp-block-columns alignwide is-layout-flex wp-container-core-columns-is-layout-28f84493 wp-block-columns-is-layout-flex\">\n<div class=\"wp-block-column is-layout-flow wp-block-column-is-layout-flow\">\n<h2 class=\"wp-block-heading has-text-color has-tiny-plus-font-size\" id=\"h-streamline-your-online-transactions-with-wooshpay-simplified-integration-for-instant-access-to-payment-facilities\" style=\"color:#333333;margin-top:var(--wp--preset--spacing--30);margin-bottom:var(--wp--preset--spacing--20)\">\"Rationalisez vos transactions en ligne avec WooshPay : une int\u00e9gration simplifi\u00e9e pour un acc\u00e8s instantan\u00e9 aux moyens de paiement\".<\/h2>\n\n\n\n<p class=\"has-text-color\" style=\"color:#666666;margin-top:0;margin-bottom:0;font-size:14px\">L'int\u00e9gration de WooshPay est incroyablement simple, ne n\u00e9cessitant que quelques lignes de code pour obtenir un acc\u00e8s instantan\u00e9 aux facilit\u00e9s de paiement de WooshPay, permettant des transactions en ligne avec des cartes de cr\u00e9dit et les m\u00e9thodes de paiement les plus courantes. Cette approche simplifie grandement le processus de transaction sur le site web, ce qui nous permet, ainsi qu'\u00e0 nos utilisateurs, d'\u00e9conomiser du temps et des efforts.<\/p>\n<\/div>\n<\/div>\n<\/div>","protected":false},"excerpt":{"rendered":"<p>&#8220;Streamline Your Online Transactions with WooshPay: Simplified Integration for Instant Access to Payment Facilities&#8221; WooshPay integration is incredibly simple, requiring just a few lines of code to gain instant access to WooshPay&#8217;s payment facilities, enabling online transactions with credit cards and popular payment methods. This approach greatly simplifies the website transaction process, saving both us [&hellip;]<\/p>","protected":false},"author":1,"featured_media":17289,"parent":0,"menu_order":0,"comment_status":"closed","ping_status":"closed","template":"","meta":{"_uag_custom_page_level_css":"","footnotes":""},"class_list":["post-13543","page","type-page","status-publish","has-post-thumbnail","hentry"],"yoast_head":"<!-- This site is optimized with the Yoast SEO Premium plugin v20.8 (Yoast SEO v24.9) - https:\/\/yoast.com\/wordpress\/plugins\/seo\/ -->\n<title>starmaker - WooshPay<\/title>\n<meta name=\"robots\" content=\"index, follow, max-snippet:-1, max-image-preview:large, max-video-preview:-1\" \/>\n<link rel=\"canonical\" href=\"https:\/\/d2jcf4noflr1cd.cloudfront.net\/fr\/starmaker2\/\" \/>\n<meta property=\"og:locale\" content=\"fr_FR\" \/>\n<meta property=\"og:type\" content=\"article\" \/>\n<meta property=\"og:title\" content=\"starmaker\" \/>\n<meta property=\"og:description\" content=\"&#8220;Streamline Your Online Transactions with WooshPay: Simplified Integration for Instant Access to Payment Facilities&#8221; WooshPay integration is incredibly simple, requiring just a few lines of code to gain instant access to WooshPay&#8217;s payment facilities, enabling online transactions with credit cards and popular payment methods. This approach greatly simplifies the website transaction process, saving both us [&hellip;]\" \/>\n<meta property=\"og:url\" content=\"https:\/\/d2jcf4noflr1cd.cloudfront.net\/fr\/starmaker2\/\" \/>\n<meta property=\"og:site_name\" content=\"WooshPay\" \/>\n<meta property=\"article:modified_time\" content=\"2023-09-06T08:04:24+00:00\" \/>\n<meta property=\"og:image\" content=\"https:\/\/wooshpay-official-img.oss-accelerate.aliyuncs.com\/wp-content\/uploads\/2024\/07\/pic_home_new-2.png\" \/>\n\t<meta property=\"og:image:width\" content=\"2138\" \/>\n\t<meta property=\"og:image:height\" content=\"1438\" \/>\n\t<meta property=\"og:image:type\" content=\"image\/png\" \/>\n<meta name=\"twitter:card\" content=\"summary_large_image\" \/>\n<meta name=\"twitter:label1\" content=\"Est. reading time\" \/>\n\t<meta name=\"twitter:data1\" content=\"1 minute\" \/>\n<script type=\"application\/ld+json\" class=\"yoast-schema-graph\">{\"@context\":\"https:\/\/schema.org\",\"@graph\":[{\"@type\":\"WebPage\",\"@id\":\"https:\/\/d2jcf4noflr1cd.cloudfront.net\/starmaker2\/\",\"url\":\"https:\/\/d2jcf4noflr1cd.cloudfront.net\/starmaker2\/\",\"name\":\"starmaker - WooshPay\",\"isPartOf\":{\"@id\":\"https:\/\/www.wooshpay.com\/es\/#website\"},\"primaryImageOfPage\":{\"@id\":\"https:\/\/d2jcf4noflr1cd.cloudfront.net\/starmaker2\/#primaryimage\"},\"image\":{\"@id\":\"https:\/\/d2jcf4noflr1cd.cloudfront.net\/starmaker2\/#primaryimage\"},\"thumbnailUrl\":\"https:\/\/wooshpay-official-img.oss-accelerate.aliyuncs.com\/wp-content\/uploads\/2024\/07\/pic_home_new-2.png\",\"datePublished\":\"2023-09-05T09:16:13+00:00\",\"dateModified\":\"2023-09-06T08:04:24+00:00\",\"breadcrumb\":{\"@id\":\"https:\/\/d2jcf4noflr1cd.cloudfront.net\/starmaker2\/#breadcrumb\"},\"inLanguage\":\"fr-FR\",\"potentialAction\":[{\"@type\":\"ReadAction\",\"target\":[\"https:\/\/d2jcf4noflr1cd.cloudfront.net\/starmaker2\/\"]}]},{\"@type\":\"ImageObject\",\"inLanguage\":\"fr-FR\",\"@id\":\"https:\/\/d2jcf4noflr1cd.cloudfront.net\/starmaker2\/#primaryimage\",\"url\":\"https:\/\/wooshpay-official-img.oss-accelerate.aliyuncs.com\/wp-content\/uploads\/2024\/07\/pic_home_new-2.png\",\"contentUrl\":\"https:\/\/wooshpay-official-img.oss-accelerate.aliyuncs.com\/wp-content\/uploads\/2024\/07\/pic_home_new-2.png\",\"width\":2138,\"height\":1438},{\"@type\":\"BreadcrumbList\",\"@id\":\"https:\/\/d2jcf4noflr1cd.cloudfront.net\/starmaker2\/#breadcrumb\",\"itemListElement\":[{\"@type\":\"ListItem\",\"position\":1,\"name\":\"Home\",\"item\":\"https:\/\/www.wooshpay.com\/es\/\"},{\"@type\":\"ListItem\",\"position\":2,\"name\":\"starmaker\"}]},{\"@type\":\"WebSite\",\"@id\":\"https:\/\/www.wooshpay.com\/es\/#website\",\"url\":\"https:\/\/www.wooshpay.com\/es\/\",\"name\":\"WooshPay\",\"description\":\"One-stop payment platform\",\"potentialAction\":[{\"@type\":\"SearchAction\",\"target\":{\"@type\":\"EntryPoint\",\"urlTemplate\":\"https:\/\/www.wooshpay.com\/es\/?s={search_term_string}\"},\"query-input\":{\"@type\":\"PropertyValueSpecification\",\"valueRequired\":true,\"valueName\":\"search_term_string\"}}],\"inLanguage\":\"fr-FR\"}]}<\/script>\n<!-- \/ Yoast SEO Premium plugin. -->","yoast_head_json":{"title":"starmaker - WooshPay","robots":{"index":"index","follow":"follow","max-snippet":"max-snippet:-1","max-image-preview":"max-image-preview:large","max-video-preview":"max-video-preview:-1"},"canonical":"https:\/\/d2jcf4noflr1cd.cloudfront.net\/fr\/starmaker2\/","og_locale":"fr_FR","og_type":"article","og_title":"starmaker","og_description":"&#8220;Streamline Your Online Transactions with WooshPay: Simplified Integration for Instant Access to Payment Facilities&#8221; WooshPay integration is incredibly simple, requiring just a few lines of code to gain instant access to WooshPay&#8217;s payment facilities, enabling online transactions with credit cards and popular payment methods. This approach greatly simplifies the website transaction process, saving both us [&hellip;]","og_url":"https:\/\/d2jcf4noflr1cd.cloudfront.net\/fr\/starmaker2\/","og_site_name":"WooshPay","article_modified_time":"2023-09-06T08:04:24+00:00","og_image":[{"width":2138,"height":1438,"url":"https:\/\/wooshpay-official-img.oss-accelerate.aliyuncs.com\/wp-content\/uploads\/2024\/07\/pic_home_new-2.png","type":"image\/png"}],"twitter_card":"summary_large_image","twitter_misc":{"Est. reading time":"1 minute"},"schema":{"@context":"https:\/\/schema.org","@graph":[{"@type":"WebPage","@id":"https:\/\/d2jcf4noflr1cd.cloudfront.net\/starmaker2\/","url":"https:\/\/d2jcf4noflr1cd.cloudfront.net\/starmaker2\/","name":"starmaker - WooshPay","isPartOf":{"@id":"https:\/\/www.wooshpay.com\/es\/#website"},"primaryImageOfPage":{"@id":"https:\/\/d2jcf4noflr1cd.cloudfront.net\/starmaker2\/#primaryimage"},"image":{"@id":"https:\/\/d2jcf4noflr1cd.cloudfront.net\/starmaker2\/#primaryimage"},"thumbnailUrl":"https:\/\/wooshpay-official-img.oss-accelerate.aliyuncs.com\/wp-content\/uploads\/2024\/07\/pic_home_new-2.png","datePublished":"2023-09-05T09:16:13+00:00","dateModified":"2023-09-06T08:04:24+00:00","breadcrumb":{"@id":"https:\/\/d2jcf4noflr1cd.cloudfront.net\/starmaker2\/#breadcrumb"},"inLanguage":"fr-FR","potentialAction":[{"@type":"ReadAction","target":["https:\/\/d2jcf4noflr1cd.cloudfront.net\/starmaker2\/"]}]},{"@type":"ImageObject","inLanguage":"fr-FR","@id":"https:\/\/d2jcf4noflr1cd.cloudfront.net\/starmaker2\/#primaryimage","url":"https:\/\/wooshpay-official-img.oss-accelerate.aliyuncs.com\/wp-content\/uploads\/2024\/07\/pic_home_new-2.png","contentUrl":"https:\/\/wooshpay-official-img.oss-accelerate.aliyuncs.com\/wp-content\/uploads\/2024\/07\/pic_home_new-2.png","width":2138,"height":1438},{"@type":"BreadcrumbList","@id":"https:\/\/d2jcf4noflr1cd.cloudfront.net\/starmaker2\/#breadcrumb","itemListElement":[{"@type":"ListItem","position":1,"name":"Home","item":"https:\/\/www.wooshpay.com\/es\/"},{"@type":"ListItem","position":2,"name":"starmaker"}]},{"@type":"WebSite","@id":"https:\/\/www.wooshpay.com\/es\/#website","url":"https:\/\/www.wooshpay.com\/es\/","name":"WooshPay","description":"Plate-forme de paiement unique","potentialAction":[{"@type":"SearchAction","target":{"@type":"EntryPoint","urlTemplate":"https:\/\/www.wooshpay.com\/es\/?s={search_term_string}"},"query-input":{"@type":"PropertyValueSpecification","valueRequired":true,"valueName":"search_term_string"}}],"inLanguage":"fr-FR"}]}},"uagb_featured_image_src":{"full":["https:\/\/wooshpay-official-img.oss-accelerate.aliyuncs.com\/wp-content\/uploads\/2024\/07\/pic_home_new-2.png",2138,1438,false],"thumbnail":["https:\/\/wooshpay-official-img.oss-accelerate.aliyuncs.com\/wp-content\/uploads\/2024\/07\/pic_home_new-2-150x150.png",150,150,true],"medium":["https:\/\/wooshpay-official-img.oss-accelerate.aliyuncs.com\/wp-content\/uploads\/2024\/07\/pic_home_new-2-300x202.png",300,202,true],"medium_large":["https:\/\/wooshpay-official-img.oss-accelerate.aliyuncs.com\/wp-content\/uploads\/2024\/07\/pic_home_new-2-768x517.png",768,517,true],"large":["https:\/\/wooshpay-official-img.oss-accelerate.aliyuncs.com\/wp-content\/uploads\/2024\/07\/pic_home_new-2-1024x689.png",1024,689,true],"1536x1536":["https:\/\/wooshpay-official-img.oss-accelerate.aliyuncs.com\/wp-content\/uploads\/2024\/07\/pic_home_new-2-1536x1033.png",1536,1033,true],"2048x2048":["https:\/\/wooshpay-official-img.oss-accelerate.aliyuncs.com\/wp-content\/uploads\/2024\/07\/pic_home_new-2-2048x1377.png",2048,1377,true],"trp-custom-language-flag":["https:\/\/wooshpay-official-img.oss-accelerate.aliyuncs.com\/wp-content\/uploads\/2024\/07\/pic_home_new-2-18x12.png",18,12,true]},"uagb_author_info":{"display_name":"wooshpaysite\u7ba1\u7406\u5458","author_link":"https:\/\/d2jcf4noflr1cd.cloudfront.net\/fr\/author\/wooshpaysiteadmin\/"},"uagb_comment_info":0,"uagb_excerpt":"&#8220;Streamline Your Online Transactions with WooshPay: Simplified Integration for Instant Access to Payment Facilities&#8221; WooshPay integration is incredibly simple, requiring just a few lines of code to gain instant access to WooshPay&#8217;s payment facilities, enabling online transactions with credit cards and popular payment methods. This approach greatly simplifies the website transaction process, saving both us\u2026","_links":{"self":[{"href":"https:\/\/d2jcf4noflr1cd.cloudfront.net\/fr\/wp-json\/wp\/v2\/pages\/13543","targetHints":{"allow":["GET"]}}],"collection":[{"href":"https:\/\/d2jcf4noflr1cd.cloudfront.net\/fr\/wp-json\/wp\/v2\/pages"}],"about":[{"href":"https:\/\/d2jcf4noflr1cd.cloudfront.net\/fr\/wp-json\/wp\/v2\/types\/page"}],"author":[{"embeddable":true,"href":"https:\/\/d2jcf4noflr1cd.cloudfront.net\/fr\/wp-json\/wp\/v2\/users\/1"}],"replies":[{"embeddable":true,"href":"https:\/\/d2jcf4noflr1cd.cloudfront.net\/fr\/wp-json\/wp\/v2\/comments?post=13543"}],"version-history":[{"count":0,"href":"https:\/\/d2jcf4noflr1cd.cloudfront.net\/fr\/wp-json\/wp\/v2\/pages\/13543\/revisions"}],"wp:featuredmedia":[{"embeddable":true,"href":"https:\/\/d2jcf4noflr1cd.cloudfront.net\/fr\/wp-json\/wp\/v2\/media\/17289"}],"wp:attachment":[{"href":"https:\/\/d2jcf4noflr1cd.cloudfront.net\/fr\/wp-json\/wp\/v2\/media?parent=13543"}],"curies":[{"name":"wp","href":"https:\/\/api.w.org\/{rel}","templated":true}]}}