{"id":12722,"date":"2023-08-14T09:35:30","date_gmt":"2023-08-14T09:35:30","guid":{"rendered":"https:\/\/www.wooshpay.com\/?page_id=12722"},"modified":"2023-11-10T09:08:38","modified_gmt":"2023-11-10T09:08:38","slug":"terms-for-free-registration-and-annual-fee-for-new-customers","status":"publish","type":"page","link":"https:\/\/d2jcf4noflr1cd.cloudfront.net\/fr\/terms-for-free-registration-and-annual-fee-for-new-customers\/","title":{"rendered":"R\u00e8gles d'activit\u00e9"},"content":{"rendered":"<div class=\"wp-block-group alignfull ys-rules-group has-background has-global-padding is-layout-constrained wp-container-core-group-is-layout-6878b7b2 wp-block-group-is-layout-constrained\" style=\"background:linear-gradient(180deg,rgb(206,206,253) 0%,rgb(255,255,255) 100%);padding-top:var(--wp--preset--spacing--70);padding-right:7vw;padding-bottom:var(--wp--preset--spacing--70);padding-left:7vw\">\n<div class=\"wp-block-columns alignwide are-vertically-aligned-top is-layout-flex wp-container-core-columns-is-layout-28f84493 wp-block-columns-is-layout-flex\">\n<div class=\"wp-block-column is-vertically-aligned-top is-layout-flow wp-block-column-is-layout-flow\" style=\"flex-basis:10%\">\n<div class=\"wp-block-uagb-buttons uagb-buttons__outer-wrap uagb-btn__default-btn uagb-btn-tablet__default-btn uagb-btn-mobile__default-btn uagb-block-64093357\"><div class=\"uagb-buttons__wrap uagb-buttons-layout-wrap\">\n<div class=\"wp-block-uagb-buttons-child uagb-buttons__outer-wrap uagb-block-c91a253e wp-block-button\"><div class=\"uagb-button__wrapper\"><a class=\"uagb-buttons-repeater wp-block-button__link\" href=\"\/\/www.wooshpay.com\/activity_home\/\" onclick=\"return true;\" rel=\"follow noopener\" target=\"_blank\"><span class=\"uagb-button__icon uagb-button__icon-position-before\"><svg xmlns=\"https:\/\/www.w3.org\/2000\/svg\" viewbox=\"0 0 256 512\"><path d=\"M192 448c-8.188 0-16.38-3.125-22.62-9.375l-160-160c-12.5-12.5-12.5-32.75 0-45.25l160-160c12.5-12.5 32.75-12.5 45.25 0s12.5 32.75 0 45.25L77.25 256l137.4 137.4c12.5 12.5 12.5 32.75 0 45.25C208.4 444.9 200.2 448 192 448z\"><\/path><\/svg><\/span><div class=\"uagb-button__link\">Retour<\/div><\/a><\/div><\/div>\n<\/div><\/div>\n<\/div>\n\n\n\n<div class=\"wp-block-column is-vertically-aligned-top is-layout-flow wp-block-column-is-layout-flow\" style=\"flex-basis:90%\">\n<h2 class=\"wp-block-heading has-text-align-center has-medium-plus-font-size\" id=\"h-terms-for-free-registration-and-annual-fee-for-new-customers\">Conditions d'inscription gratuite et de cotisation annuelle pour les nouveaux clients<\/h2>\n\n\n\n<p><strong>1. Dur\u00e9e de l'\u00e9v\u00e9nement :<\/strong> Du 13 novembre 2023 au 31 d\u00e9cembre 2023.<\/p>\n\n\n\n<p><strong>2. R\u00e9gion de l'\u00e9v\u00e9nement :<\/strong> L'\u00e9v\u00e9nement n'inclura pas les pays et r\u00e9gions identifi\u00e9s par WooshPay comme \u00e9tant \u00e0 haut risque. La liste sp\u00e9cifique des pays \u00e0 haut risque sera fournie au cours du processus d'int\u00e9gration et de signature afin de s'assurer que vous avez une compr\u00e9hension compl\u00e8te des informations pertinentes.<\/p>\n\n\n\n<p><strong>3. D\u00e9tails de l'\u00e9v\u00e9nement :<\/strong><\/p>\n\n\n\n<ol class=\"wp-block-list\">\n<li><strong>Dispense de frais d'inscription :<\/strong> Les nouveaux clients qui ouvrent un compte ne doivent pas payer de frais d'inscription.<\/li>\n\n\n\n<li><strong>Exon\u00e9ration totale de la cotisation annuelle :<\/strong> La cotisation annuelle pour les nouveaux clients sera enti\u00e8rement supprim\u00e9e.<\/li>\n<\/ol>\n\n\n\n<p><strong>4. R\u00e9glementation sp\u00e9cifique :<\/strong><\/p>\n\n\n\n<ol class=\"wp-block-list\">\n<li><strong>D\u00e9finitions :<\/strong><\/li>\n<\/ol>\n\n\n\n<pre class=\"wp-block-verse\">          1.1. <strong>Nouveau client :<\/strong> D\u00e9signe les clients qui n'ont pas encore ouvert de compte aupr\u00e8s de WooshPay ou qui ont ouvert un compte mais n'ont pas termin\u00e9 le processus KYC (Know Your Customer). (Remarque : le terme KYC d\u00e9signe le processus de v\u00e9rification de l'identit\u00e9 et d'\u00e9valuation des risques afin de s'assurer de l'identit\u00e9 r\u00e9elle des clients et de leur niveau de risque).\nLes exclusions de la d\u00e9finition de \"nouveau client\" comprennent, mais ne sont pas limit\u00e9es \u00e0 :<\/pre>\n\n\n\n<ul class=\"wp-block-list\">\n<li>Les clients qui, apr\u00e8s avoir particip\u00e9 \u00e0 l'activit\u00e9 en enregistrant leur compte pour la premi\u00e8re fois, demandent ou utilisent les avantages en utilisant les informations et les comptes d'autres personnes, ne seront pas consid\u00e9r\u00e9s comme de nouveaux clients.<\/li>\n<\/ul>\n\n\n\n<ul class=\"wp-block-list\">\n<li>Les clients qui, apr\u00e8s avoir particip\u00e9 \u00e0 l'activit\u00e9 en enregistrant leur compte pour la premi\u00e8re fois, demandent \u00e0 nouveau les avantages par d'autres moyens, ne seront pas consid\u00e9r\u00e9s comme de nouveaux clients.<\/li>\n<\/ul>\n\n\n\n<ul class=\"wp-block-list\">\n<li>Les clients qui ont termin\u00e9 le processus KYC pour leur compte ne seront pas consid\u00e9r\u00e9s comme de nouveaux clients.<\/li>\n<\/ul>\n\n\n\n<ul class=\"wp-block-list\">\n<li>Les clients dont les informations sur l'entreprise, telles que le num\u00e9ro d'enregistrement de l'entreprise, le nom de l'entreprise, les b\u00e9n\u00e9ficiaires effectifs ultimes et les informations sur les autres dirigeants, correspondent \u00e0 celles d'autres entreprises d\u00e9j\u00e0 enregistr\u00e9es aupr\u00e8s de WooshPay, ne seront pas consid\u00e9r\u00e9s comme de nouveaux clients.<\/li>\n<\/ul>\n\n\n\n<p>     2.<strong>Frais d'inscription et cotisation annuelle<\/strong>:<\/p>\n\n\n\n<ul class=\"wp-block-list\">\n<li><strong>Frais d'inscription :<\/strong> D\u00e9signe la redevance \u00e0 payer lors de l'enregistrement d'un compte d\u00e9fini par l'entreprise.<\/li>\n\n\n\n<li><strong>Frais annuels :<\/strong> Il s'agit de la redevance annuelle unique pay\u00e9e lors de l'acc\u00e8s au service. Les d\u00e9tails sp\u00e9cifiques seront fournis lors de l'accueil et de la signature du client.<\/li>\n<\/ul>\n\n\n\n<p>    3.<strong>Admissibilit\u00e9 R\u00e8gles d'acquisition et d'utilisation :<\/strong><\/p>\n\n\n\n<p style=\"padding-right:var(--wp--preset--spacing--50);padding-left:var(--wp--preset--spacing--40)\">3.1. <strong>Crit\u00e8res d'\u00e9ligibilit\u00e9 et parcours :<\/strong><\/p>\n\n\n\n<p> Tous les clients qui remplissent le formulaire KYC pendant la p\u00e9riode de l'\u00e9v\u00e9nement se qualifieront automatiquement pour l'\u00e9v\u00e9nement et cette qualification prendra effet au moment de la signature.<\/p>\n\n\n\n<p style=\"padding-left:var(--wp--preset--spacing--40)\">3.2.<strong>R\u00e8gles d'\u00e9ligibilit\u00e9 et de r\u00e9clamation :<\/strong><\/p>\n\n\n\n<p> Les clients qui enregistrent leur compte pendant la p\u00e9riode de l'\u00e9v\u00e9nement doivent effectuer la proc\u00e9dure KYC dans les 30 jours suivant la date d'enregistrement (incluse). Si le processus KYC n'est pas achev\u00e9 dans ce d\u00e9lai, l'\u00e9ligibilit\u00e9 \u00e0 l'\u00e9v\u00e9nement sera automatiquement annul\u00e9e.<\/p>\n\n\n\n<p style=\"padding-left:var(--wp--preset--spacing--40)\">3.3.<strong>Restrictions sur le compte :<\/strong> <\/p>\n\n\n\n<p>Afin de garantir la s\u00e9curit\u00e9, la conformit\u00e9 et l'\u00e9quit\u00e9 de l'\u00e9v\u00e9nement, nous proc\u00e9derons \u00e0 des audits et \u00e0 des \u00e9valuations strictes des comptes nouvellement enregistr\u00e9s qui participent \u00e0 l'\u00e9v\u00e9nement. Nous pouvons imposer des restrictions aux comptes nouvellement enregistr\u00e9s dans des circonstances incluant, mais sans s'y limiter :<\/p>\n\n\n\n<ul class=\"wp-block-list\">\n<li>Toute implication dans des activit\u00e9s ou des affaires ill\u00e9gales, illicites, obsc\u00e8nes, violentes ou inappropri\u00e9es.<\/li>\n\n\n\n<li>Faire partie de personnes ou d'entit\u00e9s pr\u00e9sentant des anomalies de cr\u00e9dit, indiquant de graves probl\u00e8mes de cr\u00e9dit ou de mauvais ant\u00e9c\u00e9dents en mati\u00e8re de cr\u00e9dit.<\/li>\n\n\n\n<li>Implication dans des infractions commerciales, des activit\u00e9s ill\u00e9gales ou des actions frauduleuses.<\/li>\n\n\n\n<li>Fournir des informations personnelles ou d'entreprise fausses ou erron\u00e9es.<\/li>\n\n\n\n<li>Violation des conditions d'utilisation et de l'accord de service de WooshPay.<\/li>\n\n\n\n<li>d'autres comportements ill\u00e9gaux ou inappropri\u00e9s. Nous nous r\u00e9servons le droit d'\u00e9valuer de mani\u00e8re exhaustive la situation r\u00e9elle des comptes et nous nous r\u00e9servons le droit d'adapter les r\u00e8gles et les d\u00e9cisions.<\/li>\n<\/ul>\n\n\n\n<p>     4.<strong>D\u00e9claration de nullit\u00e9 :<\/strong> <\/p>\n\n\n\n<p>Apr\u00e8s avoir obtenu l'\u00e9ligibilit\u00e9 \u00e0 l'\u00e9v\u00e9nement, si un comportement malveillant est d\u00e9couvert lors d'une utilisation ult\u00e9rieure, comme le fait de passer des commandes de mani\u00e8re malveillante, d'exploiter des vuln\u00e9rabilit\u00e9s ou d'utiliser d'autres moyens ill\u00e9gaux pour obtenir des avantages, le client perdra imm\u00e9diatement l'\u00e9ligibilit\u00e9 \u00e0 l'\u00e9v\u00e9nement, et des mesures appropri\u00e9es pourront \u00eatre prises. WooshPay se r\u00e9serve le droit de mettre fin ou de modifier l'\u00e9v\u00e9nement, sans notification pr\u00e9alable aux participants, si l'\u00e9v\u00e9nement fait l'objet d'abus ou de violations, et n'assume aucune responsabilit\u00e9. WooshPay a le droit d'examiner et de d\u00e9cider des informations soumises par les participants, y compris, mais sans s'y limiter, la v\u00e9rification de l'\u00e9ligibilit\u00e9, la confirmation des r\u00e9sultats de l'\u00e9v\u00e9nement, et ses d\u00e9cisions seront consid\u00e9r\u00e9es comme d\u00e9finitives. En cas de violation, WooshPay peut prendre des mesures punitives appropri\u00e9es, y compris, mais sans s'y limiter, l'annulation de l'\u00e9ligibilit\u00e9 aux avantages, l'interdiction de participer \u00e0 des \u00e9v\u00e9nements futurs, et se r\u00e9serve le droit d'engager des poursuites judiciaires.<\/p>\n\n\n\n<p><strong>5. Informations compl\u00e9mentaires :<\/strong><\/p>\n\n\n\n<ol class=\"wp-block-list\">\n<li><strong>Informations de contact :<\/strong> Si vous avez des questions ou si vous avez besoin d'aide, vous pouvez nous contacter par courrier \u00e9lectronique \u00e0 l'adresse suivante <a href=\"mailto:support@wooshpay.com\">support@wooshpay.com<\/a>.<\/li>\n\n\n\n<li><strong>Interpr\u00e9tation finale :<\/strong> L'interpr\u00e9tation finale de l'\u00e9v\u00e9nement appartient \u00e0 la marque WooshPay et \u00e0 ses soci\u00e9t\u00e9s affili\u00e9es.<\/li>\n<\/ol>\n<\/div>\n<\/div>\n<\/div>","protected":false},"excerpt":{"rendered":"<p>Terms for Free Registration and Annual Fee for New Customers 1. Event Duration: From November 13, 2023, to December 31, 2023. 2. Event Region: The event will not include countries and regions identified by WooshPay as high-risk. The specific list of high-risk countries will be provided during the onboarding and signing process to ensure you [&hellip;]<\/p>","protected":false},"author":1,"featured_media":17289,"parent":0,"menu_order":0,"comment_status":"closed","ping_status":"closed","template":"","meta":{"_uag_custom_page_level_css":"","footnotes":""},"class_list":["post-12722","page","type-page","status-publish","has-post-thumbnail","hentry"],"yoast_head":"<!-- This site is optimized with the Yoast SEO Premium plugin v20.8 (Yoast SEO v24.9) - https:\/\/yoast.com\/wordpress\/plugins\/seo\/ -->\n<title>Activity Rules - WooshPay<\/title>\n<meta name=\"robots\" content=\"index, follow, max-snippet:-1, max-image-preview:large, max-video-preview:-1\" \/>\n<link rel=\"canonical\" href=\"https:\/\/d2jcf4noflr1cd.cloudfront.net\/fr\/terms-for-free-registration-and-annual-fee-for-new-customers\/\" \/>\n<meta property=\"og:locale\" content=\"fr_FR\" \/>\n<meta property=\"og:type\" content=\"article\" \/>\n<meta property=\"og:title\" content=\"Activity Rules\" \/>\n<meta property=\"og:description\" content=\"Terms for Free Registration and Annual Fee for New Customers 1. Event Duration: From November 13, 2023, to December 31, 2023. 2. Event Region: The event will not include countries and regions identified by WooshPay as high-risk. The specific list of high-risk countries will be provided during the onboarding and signing process to ensure you [&hellip;]\" \/>\n<meta property=\"og:url\" content=\"https:\/\/d2jcf4noflr1cd.cloudfront.net\/fr\/terms-for-free-registration-and-annual-fee-for-new-customers\/\" \/>\n<meta property=\"og:site_name\" content=\"WooshPay\" \/>\n<meta property=\"article:modified_time\" content=\"2023-11-10T09:08:38+00:00\" \/>\n<meta property=\"og:image\" content=\"https:\/\/wooshpay-official-img.oss-accelerate.aliyuncs.com\/wp-content\/uploads\/2024\/07\/pic_home_new-2.png\" \/>\n\t<meta property=\"og:image:width\" content=\"2138\" \/>\n\t<meta property=\"og:image:height\" content=\"1438\" \/>\n\t<meta property=\"og:image:type\" content=\"image\/png\" \/>\n<meta name=\"twitter:card\" content=\"summary_large_image\" \/>\n<meta name=\"twitter:label1\" content=\"Est. reading time\" \/>\n\t<meta name=\"twitter:data1\" content=\"3 minutes\" \/>\n<script type=\"application\/ld+json\" class=\"yoast-schema-graph\">{\"@context\":\"https:\/\/schema.org\",\"@graph\":[{\"@type\":\"WebPage\",\"@id\":\"https:\/\/d2jcf4noflr1cd.cloudfront.net\/terms-for-free-registration-and-annual-fee-for-new-customers\/\",\"url\":\"https:\/\/d2jcf4noflr1cd.cloudfront.net\/terms-for-free-registration-and-annual-fee-for-new-customers\/\",\"name\":\"Activity Rules - WooshPay\",\"isPartOf\":{\"@id\":\"https:\/\/ec2-35-179-65-51.eu-west-2.compute.amazonaws.com\/it\/#website\"},\"primaryImageOfPage\":{\"@id\":\"https:\/\/d2jcf4noflr1cd.cloudfront.net\/terms-for-free-registration-and-annual-fee-for-new-customers\/#primaryimage\"},\"image\":{\"@id\":\"https:\/\/d2jcf4noflr1cd.cloudfront.net\/terms-for-free-registration-and-annual-fee-for-new-customers\/#primaryimage\"},\"thumbnailUrl\":\"https:\/\/wooshpay-official-img.oss-accelerate.aliyuncs.com\/wp-content\/uploads\/2024\/07\/pic_home_new-2.png\",\"datePublished\":\"2023-08-14T09:35:30+00:00\",\"dateModified\":\"2023-11-10T09:08:38+00:00\",\"breadcrumb\":{\"@id\":\"https:\/\/d2jcf4noflr1cd.cloudfront.net\/terms-for-free-registration-and-annual-fee-for-new-customers\/#breadcrumb\"},\"inLanguage\":\"fr-FR\",\"potentialAction\":[{\"@type\":\"ReadAction\",\"target\":[\"https:\/\/d2jcf4noflr1cd.cloudfront.net\/terms-for-free-registration-and-annual-fee-for-new-customers\/\"]}]},{\"@type\":\"ImageObject\",\"inLanguage\":\"fr-FR\",\"@id\":\"https:\/\/d2jcf4noflr1cd.cloudfront.net\/terms-for-free-registration-and-annual-fee-for-new-customers\/#primaryimage\",\"url\":\"https:\/\/wooshpay-official-img.oss-accelerate.aliyuncs.com\/wp-content\/uploads\/2024\/07\/pic_home_new-2.png\",\"contentUrl\":\"https:\/\/wooshpay-official-img.oss-accelerate.aliyuncs.com\/wp-content\/uploads\/2024\/07\/pic_home_new-2.png\",\"width\":2138,\"height\":1438},{\"@type\":\"BreadcrumbList\",\"@id\":\"https:\/\/d2jcf4noflr1cd.cloudfront.net\/terms-for-free-registration-and-annual-fee-for-new-customers\/#breadcrumb\",\"itemListElement\":[{\"@type\":\"ListItem\",\"position\":1,\"name\":\"Home\",\"item\":\"https:\/\/ec2-35-179-65-51.eu-west-2.compute.amazonaws.com\/it\/\"},{\"@type\":\"ListItem\",\"position\":2,\"name\":\"Activity Rules\"}]},{\"@type\":\"WebSite\",\"@id\":\"https:\/\/ec2-35-179-65-51.eu-west-2.compute.amazonaws.com\/it\/#website\",\"url\":\"https:\/\/ec2-35-179-65-51.eu-west-2.compute.amazonaws.com\/it\/\",\"name\":\"WooshPay\",\"description\":\"One-stop payment platform\",\"potentialAction\":[{\"@type\":\"SearchAction\",\"target\":{\"@type\":\"EntryPoint\",\"urlTemplate\":\"https:\/\/ec2-35-179-65-51.eu-west-2.compute.amazonaws.com\/it\/?s={search_term_string}\"},\"query-input\":{\"@type\":\"PropertyValueSpecification\",\"valueRequired\":true,\"valueName\":\"search_term_string\"}}],\"inLanguage\":\"fr-FR\"}]}<\/script>\n<!-- \/ Yoast SEO Premium plugin. -->","yoast_head_json":{"title":"Activity Rules - WooshPay","robots":{"index":"index","follow":"follow","max-snippet":"max-snippet:-1","max-image-preview":"max-image-preview:large","max-video-preview":"max-video-preview:-1"},"canonical":"https:\/\/d2jcf4noflr1cd.cloudfront.net\/fr\/terms-for-free-registration-and-annual-fee-for-new-customers\/","og_locale":"fr_FR","og_type":"article","og_title":"Activity Rules","og_description":"Terms for Free Registration and Annual Fee for New Customers 1. Event Duration: From November 13, 2023, to December 31, 2023. 2. Event Region: The event will not include countries and regions identified by WooshPay as high-risk. The specific list of high-risk countries will be provided during the onboarding and signing process to ensure you [&hellip;]","og_url":"https:\/\/d2jcf4noflr1cd.cloudfront.net\/fr\/terms-for-free-registration-and-annual-fee-for-new-customers\/","og_site_name":"WooshPay","article_modified_time":"2023-11-10T09:08:38+00:00","og_image":[{"width":2138,"height":1438,"url":"https:\/\/wooshpay-official-img.oss-accelerate.aliyuncs.com\/wp-content\/uploads\/2024\/07\/pic_home_new-2.png","type":"image\/png"}],"twitter_card":"summary_large_image","twitter_misc":{"Est. reading time":"3 minutes"},"schema":{"@context":"https:\/\/schema.org","@graph":[{"@type":"WebPage","@id":"https:\/\/d2jcf4noflr1cd.cloudfront.net\/terms-for-free-registration-and-annual-fee-for-new-customers\/","url":"https:\/\/d2jcf4noflr1cd.cloudfront.net\/terms-for-free-registration-and-annual-fee-for-new-customers\/","name":"Activity Rules - WooshPay","isPartOf":{"@id":"https:\/\/ec2-35-179-65-51.eu-west-2.compute.amazonaws.com\/it\/#website"},"primaryImageOfPage":{"@id":"https:\/\/d2jcf4noflr1cd.cloudfront.net\/terms-for-free-registration-and-annual-fee-for-new-customers\/#primaryimage"},"image":{"@id":"https:\/\/d2jcf4noflr1cd.cloudfront.net\/terms-for-free-registration-and-annual-fee-for-new-customers\/#primaryimage"},"thumbnailUrl":"https:\/\/wooshpay-official-img.oss-accelerate.aliyuncs.com\/wp-content\/uploads\/2024\/07\/pic_home_new-2.png","datePublished":"2023-08-14T09:35:30+00:00","dateModified":"2023-11-10T09:08:38+00:00","breadcrumb":{"@id":"https:\/\/d2jcf4noflr1cd.cloudfront.net\/terms-for-free-registration-and-annual-fee-for-new-customers\/#breadcrumb"},"inLanguage":"fr-FR","potentialAction":[{"@type":"ReadAction","target":["https:\/\/d2jcf4noflr1cd.cloudfront.net\/terms-for-free-registration-and-annual-fee-for-new-customers\/"]}]},{"@type":"ImageObject","inLanguage":"fr-FR","@id":"https:\/\/d2jcf4noflr1cd.cloudfront.net\/terms-for-free-registration-and-annual-fee-for-new-customers\/#primaryimage","url":"https:\/\/wooshpay-official-img.oss-accelerate.aliyuncs.com\/wp-content\/uploads\/2024\/07\/pic_home_new-2.png","contentUrl":"https:\/\/wooshpay-official-img.oss-accelerate.aliyuncs.com\/wp-content\/uploads\/2024\/07\/pic_home_new-2.png","width":2138,"height":1438},{"@type":"BreadcrumbList","@id":"https:\/\/d2jcf4noflr1cd.cloudfront.net\/terms-for-free-registration-and-annual-fee-for-new-customers\/#breadcrumb","itemListElement":[{"@type":"ListItem","position":1,"name":"Home","item":"https:\/\/ec2-35-179-65-51.eu-west-2.compute.amazonaws.com\/it\/"},{"@type":"ListItem","position":2,"name":"Activity Rules"}]},{"@type":"WebSite","@id":"https:\/\/ec2-35-179-65-51.eu-west-2.compute.amazonaws.com\/it\/#website","url":"https:\/\/ec2-35-179-65-51.eu-west-2.compute.amazonaws.com\/it\/","name":"WooshPay","description":"Plate-forme de paiement unique","potentialAction":[{"@type":"SearchAction","target":{"@type":"EntryPoint","urlTemplate":"https:\/\/ec2-35-179-65-51.eu-west-2.compute.amazonaws.com\/it\/?s={search_term_string}"},"query-input":{"@type":"PropertyValueSpecification","valueRequired":true,"valueName":"search_term_string"}}],"inLanguage":"fr-FR"}]}},"uagb_featured_image_src":{"full":["https:\/\/wooshpay-official-img.oss-accelerate.aliyuncs.com\/wp-content\/uploads\/2024\/07\/pic_home_new-2.png",2138,1438,false],"thumbnail":["https:\/\/wooshpay-official-img.oss-accelerate.aliyuncs.com\/wp-content\/uploads\/2024\/07\/pic_home_new-2-150x150.png",150,150,true],"medium":["https:\/\/wooshpay-official-img.oss-accelerate.aliyuncs.com\/wp-content\/uploads\/2024\/07\/pic_home_new-2-300x202.png",300,202,true],"medium_large":["https:\/\/wooshpay-official-img.oss-accelerate.aliyuncs.com\/wp-content\/uploads\/2024\/07\/pic_home_new-2-768x517.png",768,517,true],"large":["https:\/\/wooshpay-official-img.oss-accelerate.aliyuncs.com\/wp-content\/uploads\/2024\/07\/pic_home_new-2-1024x689.png",1024,689,true],"1536x1536":["https:\/\/wooshpay-official-img.oss-accelerate.aliyuncs.com\/wp-content\/uploads\/2024\/07\/pic_home_new-2-1536x1033.png",1536,1033,true],"2048x2048":["https:\/\/wooshpay-official-img.oss-accelerate.aliyuncs.com\/wp-content\/uploads\/2024\/07\/pic_home_new-2-2048x1377.png",2048,1377,true],"trp-custom-language-flag":["https:\/\/wooshpay-official-img.oss-accelerate.aliyuncs.com\/wp-content\/uploads\/2024\/07\/pic_home_new-2-18x12.png",18,12,true]},"uagb_author_info":{"display_name":"wooshpaysite\u7ba1\u7406\u5458","author_link":"https:\/\/d2jcf4noflr1cd.cloudfront.net\/fr\/author\/wooshpaysiteadmin\/"},"uagb_comment_info":0,"uagb_excerpt":"Terms for Free Registration and Annual Fee for New Customers 1. Event Duration: From November 13, 2023, to December 31, 2023. 2. Event Region: The event will not include countries and regions identified by WooshPay as high-risk. The specific list of high-risk countries will be provided during the onboarding and signing process to ensure you\u2026","_links":{"self":[{"href":"https:\/\/d2jcf4noflr1cd.cloudfront.net\/fr\/wp-json\/wp\/v2\/pages\/12722","targetHints":{"allow":["GET"]}}],"collection":[{"href":"https:\/\/d2jcf4noflr1cd.cloudfront.net\/fr\/wp-json\/wp\/v2\/pages"}],"about":[{"href":"https:\/\/d2jcf4noflr1cd.cloudfront.net\/fr\/wp-json\/wp\/v2\/types\/page"}],"author":[{"embeddable":true,"href":"https:\/\/d2jcf4noflr1cd.cloudfront.net\/fr\/wp-json\/wp\/v2\/users\/1"}],"replies":[{"embeddable":true,"href":"https:\/\/d2jcf4noflr1cd.cloudfront.net\/fr\/wp-json\/wp\/v2\/comments?post=12722"}],"version-history":[{"count":0,"href":"https:\/\/d2jcf4noflr1cd.cloudfront.net\/fr\/wp-json\/wp\/v2\/pages\/12722\/revisions"}],"wp:featuredmedia":[{"embeddable":true,"href":"https:\/\/d2jcf4noflr1cd.cloudfront.net\/fr\/wp-json\/wp\/v2\/media\/17289"}],"wp:attachment":[{"href":"https:\/\/d2jcf4noflr1cd.cloudfront.net\/fr\/wp-json\/wp\/v2\/media?parent=12722"}],"curies":[{"name":"wp","href":"https:\/\/api.w.org\/{rel}","templated":true}]}}