{"id":11410,"date":"2023-07-27T08:30:41","date_gmt":"2023-07-27T08:30:41","guid":{"rendered":"https:\/\/www.wooshpay.com\/?page_id=11410"},"modified":"2023-08-18T08:39:54","modified_gmt":"2023-08-18T08:39:54","slug":"alipay","status":"publish","type":"page","link":"https:\/\/d2jcf4noflr1cd.cloudfront.net\/fr\/alipay\/","title":{"rendered":"Alipay"},"content":{"rendered":"<div class=\"wp-block-group alignfull has-background-background-color has-background has-global-padding is-layout-constrained wp-container-core-group-is-layout-86610ce2 wp-block-group-is-layout-constrained\" style=\"padding-top:var(--wp--preset--spacing--70);padding-right:7vw;padding-bottom:var(--wp--preset--spacing--70);padding-left:7vw\">\n<div class=\"wp-block-columns alignwide are-vertically-aligned-center is-layout-flex wp-container-core-columns-is-layout-297af284 wp-block-columns-is-layout-flex\" style=\"margin-top:var(--wp--preset--spacing--70);margin-bottom:var(--wp--preset--spacing--60)\">\n<div class=\"wp-block-column is-vertically-aligned-center is-layout-flow wp-block-column-is-layout-flow\" style=\"flex-basis:800px\">\n<div class=\"wp-block-uagb-buttons uagb-buttons__outer-wrap uagb-btn__default-btn uagb-btn-tablet__default-btn uagb-btn-mobile__default-btn uagb-block-94217191\"><div class=\"uagb-buttons__wrap uagb-buttons-layout-wrap\">\n<div class=\"wp-block-uagb-buttons-child uagb-buttons__outer-wrap uagb-block-559481e1 wp-block-button\"><div class=\"uagb-button__wrapper\"><a class=\"uagb-buttons-repeater wp-block-button__link\" href=\"https:\/\/wooshpay.com\/payment-methods\/\" onclick=\"return true;\" rel=\"follow noopener\" target=\"_self\"><span class=\"uagb-button__icon uagb-button__icon-position-before\"><svg xmlns=\"https:\/\/www.w3.org\/2000\/svg\" viewbox=\"0 0 448 512\"><path d=\"M447.1 256C447.1 273.7 433.7 288 416 288H109.3l105.4 105.4c12.5 12.5 12.5 32.75 0 45.25C208.4 444.9 200.2 448 192 448s-16.38-3.125-22.62-9.375l-160-160c-12.5-12.5-12.5-32.75 0-45.25l160-160c12.5-12.5 32.75-12.5 45.25 0s12.5 32.75 0 45.25L109.3 224H416C433.7 224 447.1 238.3 447.1 256z\"><\/path><\/svg><\/span><div class=\"uagb-button__link\">Plus de moyens de paiement<\/div><\/a><\/div><\/div>\n<\/div><\/div>\n\n\n\n<div class=\"wp-block-columns is-layout-flex wp-container-core-columns-is-layout-28f84493 wp-block-columns-is-layout-flex\">\n<div class=\"wp-block-column is-layout-flow wp-block-column-is-layout-flow\">\n<h2 class=\"wp-block-heading has-background-alt-color has-text-color has-medium-plus-font-size\" id=\"h-alipay\" style=\"margin-bottom:var(--wp--preset--spacing--40)\">Alipay<\/h2>\n\n\n\n<p class=\"has-text-color has-tiny-plus-font-size\" style=\"color:#333333;margin-top:0\">Alipay, une filiale de Ant Group, est une plateforme de style de vie centr\u00e9e sur les personnes, bas\u00e9e sur le nom r\u00e9el et la confiance. Depuis sa cr\u00e9ation en 2004, Alipay s'est associ\u00e9 \u00e0 plus de 200 institutions financi\u00e8res pour fournir des services de paiement \u00e0 des dizaines de millions de petites et microentreprises. Avec l'expansion des sc\u00e9narios et l'innovation des produits, les sc\u00e9narios de services \u00e9tendus continuent d'augmenter, et Alipay est devenu une plateforme ouverte qui int\u00e8gre de multiples sc\u00e9narios et industries tels que le paiement, les services de la vie, les services gouvernementaux, la gestion financi\u00e8re, l'assurance et le bien-\u00eatre public. Alipay a \u00e9galement lanc\u00e9 un certain nombre de services tels que les paiements transfrontaliers et les remboursements d'imp\u00f4ts, afin que les utilisateurs chinois puissent profiter de la commodit\u00e9 du paiement mobile \u00e0 l'\u00e9tranger.<\/p>\n<\/div>\n<\/div>\n<\/div>\n\n\n\n<div class=\"wp-block-column is-vertically-aligned-center is-layout-flow wp-block-column-is-layout-flow\" style=\"padding-top:var(--wp--preset--spacing--30);flex-basis:500px\">\n<div class=\"wp-block-columns has-background is-layout-flex wp-container-core-columns-is-layout-a713553b wp-block-columns-is-layout-flex\" style=\"border-radius:16px;background-color:#dae9ff;padding-top:120px;padding-bottom:120px\">\n<div class=\"wp-block-column is-layout-flow wp-block-column-is-layout-flow\">\n<figure class=\"wp-block-image aligncenter size-full is-resized\"><img decoding=\"async\" src=\"https:\/\/wooshpay-official-img.oss-accelerate.aliyuncs.com\/wp-content\/uploads\/2023\/07\/4_Alipay.png?x-oss-process=style\/webp\" alt=\"\" class=\"wp-image-11256\" style=\"width:91px;height:61px\" width=\"91\" height=\"61\"\/><\/figure>\n<\/div>\n<\/div>\n<\/div>\n<\/div>\n<\/div>\n\n\n\n<div class=\"wp-block-group alignfull has-background-background-color has-background has-global-padding is-layout-constrained wp-container-core-group-is-layout-cab40a1a wp-block-group-is-layout-constrained\" style=\"padding-right:7vw;padding-bottom:120px;padding-left:7vw\">\n<div class=\"wp-block-columns alignwide is-layout-flex wp-container-core-columns-is-layout-28f84493 wp-block-columns-is-layout-flex\">\n<div class=\"wp-block-column is-layout-flow wp-block-column-is-layout-flow\">\n<figure class=\"wp-block-image size-full is-resized\"><img decoding=\"async\" src=\"https:\/\/wooshpay-official-img.oss-accelerate.aliyuncs.com\/wp-content\/uploads\/2023\/08\/iocn_1.png?x-oss-process=style\/webp\" alt=\"\" class=\"wp-image-13146\" style=\"height:50px\" height=\"50\"\/><\/figure>\n\n\n\n<h6 class=\"wp-block-heading has-text-color\" id=\"h-expanding-into-new-global-markets\" style=\"color:#333333;margin-top:0;margin-right:0;margin-bottom:var(--wp--preset--spacing--30);margin-left:0;font-size:clamp(14.642px, 0.915rem + ((1vw - 3.2px) * 0.575), 22px);\">S'implanter sur de nouveaux march\u00e9s mondiaux<\/h6>\n\n\n\n<p class=\"has-text-color has-tiny-plus-font-size\" style=\"color:#666666;margin-top:0;margin-bottom:0\">Les pr\u00e9f\u00e9rences en mati\u00e8re de modes de paiement varient d'un pays \u00e0 l'autre. Proposez les modes de paiement n\u00e9cessaires aux consommateurs locaux.<\/p>\n<\/div>\n\n\n\n<div class=\"wp-block-column is-layout-flow wp-block-column-is-layout-flow\">\n<figure class=\"wp-block-image size-full is-resized\"><img decoding=\"async\" src=\"https:\/\/wooshpay-official-img.oss-accelerate.aliyuncs.com\/wp-content\/uploads\/2023\/08\/icon_2-2.png?x-oss-process=style\/webp\" alt=\"\" class=\"wp-image-13144\" style=\"height:50px\" height=\"50\"\/><\/figure>\n\n\n\n<h6 class=\"wp-block-heading has-text-color\" id=\"h-increasing-conversion-rates\" style=\"color:#333333;margin-top:0;margin-right:0;margin-bottom:var(--wp--preset--spacing--30);margin-left:0;font-size:clamp(14.642px, 0.915rem + ((1vw - 3.2px) * 0.575), 22px);\">Augmenter les taux de conversion<\/h6>\n\n\n\n<p class=\"has-text-color has-tiny-plus-font-size\" style=\"color:#666666;margin-top:0;margin-bottom:0\">En raison de l'utilisation de connexions de traitement locales, les m\u00e9thodes de paiement locales sont favoris\u00e9es dans une plus large mesure au sein des institutions \u00e9mettrices.<\/p>\n<\/div>\n\n\n\n<div class=\"wp-block-column is-layout-flow wp-block-column-is-layout-flow\">\n<figure class=\"wp-block-image size-full is-resized\"><img decoding=\"async\" src=\"https:\/\/wooshpay-official-img.oss-accelerate.aliyuncs.com\/wp-content\/uploads\/2023\/08\/icon_3-1.png?x-oss-process=style\/webp\" alt=\"\" class=\"wp-image-13145\" style=\"height:50px\" height=\"50\"\/><\/figure>\n\n\n\n<h6 class=\"wp-block-heading has-text-color\" id=\"h-integrated-integration\" style=\"color:#333333;margin-top:0;margin-right:0;margin-bottom:var(--wp--preset--spacing--30);margin-left:0;font-size:clamp(14.642px, 0.915rem + ((1vw - 3.2px) * 0.575), 22px);\">Int\u00e9gration int\u00e9gr\u00e9e<\/h6>\n\n\n\n<p class=\"has-text-color has-tiny-plus-font-size\" style=\"color:#666666;margin-top:0;margin-bottom:0\">Pour g\u00e9n\u00e9raliser l'utilisation des paiements \u00e0 l'\u00e9chelle mondiale, il est recommand\u00e9 d'adopter une int\u00e9gration int\u00e9gr\u00e9e afin de garantir la collaboration entre les prestataires de services de paiement et les \u00e9tablissements acqu\u00e9reurs.<\/p>\n<\/div>\n<\/div>\n<\/div>","protected":false},"excerpt":{"rendered":"<p>Alipay Alipay, a subsidiary of Ant Group, is a people-centered, real-name and trust-based lifestyle platform. Since its inception in 2004, Alipay has partnered with more than 200 financial institutions to provide payment services to tens of millions of small and micro businesses. With the expansion of scenarios and product innovation, the expanded service scenarios continue [&hellip;]<\/p>","protected":false},"author":1,"featured_media":17289,"parent":0,"menu_order":0,"comment_status":"closed","ping_status":"closed","template":"","meta":{"_uag_custom_page_level_css":"","footnotes":""},"class_list":["post-11410","page","type-page","status-publish","has-post-thumbnail","hentry"],"yoast_head":"<!-- This site is optimized with the Yoast SEO Premium plugin v20.8 (Yoast SEO v24.9) - https:\/\/yoast.com\/wordpress\/plugins\/seo\/ -->\n<title>Alipay - WooshPay<\/title>\n<meta name=\"robots\" content=\"index, follow, max-snippet:-1, max-image-preview:large, max-video-preview:-1\" \/>\n<link rel=\"canonical\" href=\"https:\/\/d2jcf4noflr1cd.cloudfront.net\/fr\/alipay\/\" \/>\n<meta property=\"og:locale\" content=\"fr_FR\" \/>\n<meta property=\"og:type\" content=\"article\" \/>\n<meta property=\"og:title\" content=\"Alipay\" \/>\n<meta property=\"og:description\" content=\"Alipay Alipay, a subsidiary of Ant Group, is a people-centered, real-name and trust-based lifestyle platform. Since its inception in 2004, Alipay has partnered with more than 200 financial institutions to provide payment services to tens of millions of small and micro businesses. With the expansion of scenarios and product innovation, the expanded service scenarios continue [&hellip;]\" \/>\n<meta property=\"og:url\" content=\"https:\/\/d2jcf4noflr1cd.cloudfront.net\/fr\/alipay\/\" \/>\n<meta property=\"og:site_name\" content=\"WooshPay\" \/>\n<meta property=\"article:modified_time\" content=\"2023-08-18T08:39:54+00:00\" \/>\n<meta property=\"og:image\" content=\"https:\/\/wooshpay-official-img.oss-accelerate.aliyuncs.com\/wp-content\/uploads\/2024\/07\/pic_home_new-2.png\" \/>\n\t<meta property=\"og:image:width\" content=\"2138\" \/>\n\t<meta property=\"og:image:height\" content=\"1438\" \/>\n\t<meta property=\"og:image:type\" content=\"image\/png\" \/>\n<meta name=\"twitter:card\" content=\"summary_large_image\" \/>\n<meta name=\"twitter:label1\" content=\"Est. reading time\" \/>\n\t<meta name=\"twitter:data1\" content=\"2 minutes\" \/>\n<script type=\"application\/ld+json\" class=\"yoast-schema-graph\">{\"@context\":\"https:\/\/schema.org\",\"@graph\":[{\"@type\":\"WebPage\",\"@id\":\"https:\/\/d2jcf4noflr1cd.cloudfront.net\/ja\/alipay\/\",\"url\":\"https:\/\/d2jcf4noflr1cd.cloudfront.net\/ja\/alipay\/\",\"name\":\"Alipay - WooshPay\",\"isPartOf\":{\"@id\":\"https:\/\/wooshpay.com\/#website\"},\"primaryImageOfPage\":{\"@id\":\"https:\/\/d2jcf4noflr1cd.cloudfront.net\/ja\/alipay\/#primaryimage\"},\"image\":{\"@id\":\"https:\/\/d2jcf4noflr1cd.cloudfront.net\/ja\/alipay\/#primaryimage\"},\"thumbnailUrl\":\"https:\/\/wooshpay-official-img.oss-accelerate.aliyuncs.com\/wp-content\/uploads\/2024\/07\/pic_home_new-2.png\",\"datePublished\":\"2023-07-27T08:30:41+00:00\",\"dateModified\":\"2023-08-18T08:39:54+00:00\",\"breadcrumb\":{\"@id\":\"https:\/\/d2jcf4noflr1cd.cloudfront.net\/ja\/alipay\/#breadcrumb\"},\"inLanguage\":\"fr-FR\",\"potentialAction\":[{\"@type\":\"ReadAction\",\"target\":[\"https:\/\/d2jcf4noflr1cd.cloudfront.net\/ja\/alipay\/\"]}]},{\"@type\":\"ImageObject\",\"inLanguage\":\"fr-FR\",\"@id\":\"https:\/\/d2jcf4noflr1cd.cloudfront.net\/ja\/alipay\/#primaryimage\",\"url\":\"https:\/\/wooshpay-official-img.oss-accelerate.aliyuncs.com\/wp-content\/uploads\/2024\/07\/pic_home_new-2.png\",\"contentUrl\":\"https:\/\/wooshpay-official-img.oss-accelerate.aliyuncs.com\/wp-content\/uploads\/2024\/07\/pic_home_new-2.png\",\"width\":2138,\"height\":1438},{\"@type\":\"BreadcrumbList\",\"@id\":\"https:\/\/d2jcf4noflr1cd.cloudfront.net\/ja\/alipay\/#breadcrumb\",\"itemListElement\":[{\"@type\":\"ListItem\",\"position\":1,\"name\":\"Home\",\"item\":\"https:\/\/wooshpay.com\/\"},{\"@type\":\"ListItem\",\"position\":2,\"name\":\"Alipay\"}]},{\"@type\":\"WebSite\",\"@id\":\"https:\/\/wooshpay.com\/#website\",\"url\":\"https:\/\/wooshpay.com\/\",\"name\":\"WooshPay\",\"description\":\"One-stop payment platform\",\"potentialAction\":[{\"@type\":\"SearchAction\",\"target\":{\"@type\":\"EntryPoint\",\"urlTemplate\":\"https:\/\/wooshpay.com\/?s={search_term_string}\"},\"query-input\":{\"@type\":\"PropertyValueSpecification\",\"valueRequired\":true,\"valueName\":\"search_term_string\"}}],\"inLanguage\":\"fr-FR\"}]}<\/script>\n<!-- \/ Yoast SEO Premium plugin. -->","yoast_head_json":{"title":"Alipay - WooshPay","robots":{"index":"index","follow":"follow","max-snippet":"max-snippet:-1","max-image-preview":"max-image-preview:large","max-video-preview":"max-video-preview:-1"},"canonical":"https:\/\/d2jcf4noflr1cd.cloudfront.net\/fr\/alipay\/","og_locale":"fr_FR","og_type":"article","og_title":"Alipay","og_description":"Alipay Alipay, a subsidiary of Ant Group, is a people-centered, real-name and trust-based lifestyle platform. Since its inception in 2004, Alipay has partnered with more than 200 financial institutions to provide payment services to tens of millions of small and micro businesses. With the expansion of scenarios and product innovation, the expanded service scenarios continue [&hellip;]","og_url":"https:\/\/d2jcf4noflr1cd.cloudfront.net\/fr\/alipay\/","og_site_name":"WooshPay","article_modified_time":"2023-08-18T08:39:54+00:00","og_image":[{"width":2138,"height":1438,"url":"https:\/\/wooshpay-official-img.oss-accelerate.aliyuncs.com\/wp-content\/uploads\/2024\/07\/pic_home_new-2.png","type":"image\/png"}],"twitter_card":"summary_large_image","twitter_misc":{"Est. reading time":"2 minutes"},"schema":{"@context":"https:\/\/schema.org","@graph":[{"@type":"WebPage","@id":"https:\/\/d2jcf4noflr1cd.cloudfront.net\/ja\/alipay\/","url":"https:\/\/d2jcf4noflr1cd.cloudfront.net\/ja\/alipay\/","name":"Alipay - WooshPay","isPartOf":{"@id":"https:\/\/wooshpay.com\/#website"},"primaryImageOfPage":{"@id":"https:\/\/d2jcf4noflr1cd.cloudfront.net\/ja\/alipay\/#primaryimage"},"image":{"@id":"https:\/\/d2jcf4noflr1cd.cloudfront.net\/ja\/alipay\/#primaryimage"},"thumbnailUrl":"https:\/\/wooshpay-official-img.oss-accelerate.aliyuncs.com\/wp-content\/uploads\/2024\/07\/pic_home_new-2.png","datePublished":"2023-07-27T08:30:41+00:00","dateModified":"2023-08-18T08:39:54+00:00","breadcrumb":{"@id":"https:\/\/d2jcf4noflr1cd.cloudfront.net\/ja\/alipay\/#breadcrumb"},"inLanguage":"fr-FR","potentialAction":[{"@type":"ReadAction","target":["https:\/\/d2jcf4noflr1cd.cloudfront.net\/ja\/alipay\/"]}]},{"@type":"ImageObject","inLanguage":"fr-FR","@id":"https:\/\/d2jcf4noflr1cd.cloudfront.net\/ja\/alipay\/#primaryimage","url":"https:\/\/wooshpay-official-img.oss-accelerate.aliyuncs.com\/wp-content\/uploads\/2024\/07\/pic_home_new-2.png","contentUrl":"https:\/\/wooshpay-official-img.oss-accelerate.aliyuncs.com\/wp-content\/uploads\/2024\/07\/pic_home_new-2.png","width":2138,"height":1438},{"@type":"BreadcrumbList","@id":"https:\/\/d2jcf4noflr1cd.cloudfront.net\/ja\/alipay\/#breadcrumb","itemListElement":[{"@type":"ListItem","position":1,"name":"Home","item":"https:\/\/wooshpay.com\/"},{"@type":"ListItem","position":2,"name":"Alipay"}]},{"@type":"WebSite","@id":"https:\/\/wooshpay.com\/#website","url":"https:\/\/wooshpay.com\/","name":"WooshPay","description":"Plate-forme de paiement unique","potentialAction":[{"@type":"SearchAction","target":{"@type":"EntryPoint","urlTemplate":"https:\/\/wooshpay.com\/?s={search_term_string}"},"query-input":{"@type":"PropertyValueSpecification","valueRequired":true,"valueName":"search_term_string"}}],"inLanguage":"fr-FR"}]}},"uagb_featured_image_src":{"full":["https:\/\/wooshpay-official-img.oss-accelerate.aliyuncs.com\/wp-content\/uploads\/2024\/07\/pic_home_new-2.png",2138,1438,false],"thumbnail":["https:\/\/wooshpay-official-img.oss-accelerate.aliyuncs.com\/wp-content\/uploads\/2024\/07\/pic_home_new-2-150x150.png",150,150,true],"medium":["https:\/\/wooshpay-official-img.oss-accelerate.aliyuncs.com\/wp-content\/uploads\/2024\/07\/pic_home_new-2-300x202.png",300,202,true],"medium_large":["https:\/\/wooshpay-official-img.oss-accelerate.aliyuncs.com\/wp-content\/uploads\/2024\/07\/pic_home_new-2-768x517.png",768,517,true],"large":["https:\/\/wooshpay-official-img.oss-accelerate.aliyuncs.com\/wp-content\/uploads\/2024\/07\/pic_home_new-2-1024x689.png",1024,689,true],"1536x1536":["https:\/\/wooshpay-official-img.oss-accelerate.aliyuncs.com\/wp-content\/uploads\/2024\/07\/pic_home_new-2-1536x1033.png",1536,1033,true],"2048x2048":["https:\/\/wooshpay-official-img.oss-accelerate.aliyuncs.com\/wp-content\/uploads\/2024\/07\/pic_home_new-2-2048x1377.png",2048,1377,true],"trp-custom-language-flag":["https:\/\/wooshpay-official-img.oss-accelerate.aliyuncs.com\/wp-content\/uploads\/2024\/07\/pic_home_new-2-18x12.png",18,12,true]},"uagb_author_info":{"display_name":"wooshpaysite\u7ba1\u7406\u5458","author_link":"https:\/\/d2jcf4noflr1cd.cloudfront.net\/fr\/author\/wooshpaysiteadmin\/"},"uagb_comment_info":0,"uagb_excerpt":"Alipay Alipay, a subsidiary of Ant Group, is a people-centered, real-name and trust-based lifestyle platform. Since its inception in 2004, Alipay has partnered with more than 200 financial institutions to provide payment services to tens of millions of small and micro businesses. With the expansion of scenarios and product innovation, the expanded service scenarios continue\u2026","_links":{"self":[{"href":"https:\/\/d2jcf4noflr1cd.cloudfront.net\/fr\/wp-json\/wp\/v2\/pages\/11410","targetHints":{"allow":["GET"]}}],"collection":[{"href":"https:\/\/d2jcf4noflr1cd.cloudfront.net\/fr\/wp-json\/wp\/v2\/pages"}],"about":[{"href":"https:\/\/d2jcf4noflr1cd.cloudfront.net\/fr\/wp-json\/wp\/v2\/types\/page"}],"author":[{"embeddable":true,"href":"https:\/\/d2jcf4noflr1cd.cloudfront.net\/fr\/wp-json\/wp\/v2\/users\/1"}],"replies":[{"embeddable":true,"href":"https:\/\/d2jcf4noflr1cd.cloudfront.net\/fr\/wp-json\/wp\/v2\/comments?post=11410"}],"version-history":[{"count":0,"href":"https:\/\/d2jcf4noflr1cd.cloudfront.net\/fr\/wp-json\/wp\/v2\/pages\/11410\/revisions"}],"wp:featuredmedia":[{"embeddable":true,"href":"https:\/\/d2jcf4noflr1cd.cloudfront.net\/fr\/wp-json\/wp\/v2\/media\/17289"}],"wp:attachment":[{"href":"https:\/\/d2jcf4noflr1cd.cloudfront.net\/fr\/wp-json\/wp\/v2\/media?parent=11410"}],"curies":[{"name":"wp","href":"https:\/\/api.w.org\/{rel}","templated":true}]}}