{"id":11425,"date":"2023-07-27T08:45:00","date_gmt":"2023-07-27T08:45:00","guid":{"rendered":"https:\/\/www.wooshpay.com\/?page_id=11425"},"modified":"2023-08-18T08:41:25","modified_gmt":"2023-08-18T08:41:25","slug":"alipay-hk","status":"publish","type":"page","link":"https:\/\/d2jcf4noflr1cd.cloudfront.net\/es\/alipay-hk\/","title":{"rendered":"Alipay HK"},"content":{"rendered":"<div class=\"wp-block-group alignfull has-background-background-color has-background has-global-padding is-layout-constrained wp-container-core-group-is-layout-86610ce2 wp-block-group-is-layout-constrained\" style=\"padding-top:var(--wp--preset--spacing--70);padding-right:7vw;padding-bottom:var(--wp--preset--spacing--70);padding-left:7vw\">\n<div class=\"wp-block-columns alignwide are-vertically-aligned-center is-layout-flex wp-container-core-columns-is-layout-297af284 wp-block-columns-is-layout-flex\" style=\"margin-top:var(--wp--preset--spacing--70);margin-bottom:var(--wp--preset--spacing--60)\">\n<div class=\"wp-block-column is-vertically-aligned-center is-layout-flow wp-block-column-is-layout-flow\" style=\"flex-basis:800px\">\n<div class=\"wp-block-uagb-buttons uagb-buttons__outer-wrap uagb-btn__default-btn uagb-btn-tablet__default-btn uagb-btn-mobile__default-btn uagb-block-413ad5b7\"><div class=\"uagb-buttons__wrap uagb-buttons-layout-wrap\">\n<div class=\"wp-block-uagb-buttons-child uagb-buttons__outer-wrap uagb-block-2c723f1c wp-block-button\"><div class=\"uagb-button__wrapper\"><a class=\"uagb-buttons-repeater wp-block-button__link\" href=\"https:\/\/wooshpay.com\/payment-methods\/\" onclick=\"return true;\" rel=\"follow noopener\" target=\"_self\"><span class=\"uagb-button__icon uagb-button__icon-position-before\"><svg xmlns=\"https:\/\/www.w3.org\/2000\/svg\" viewbox=\"0 0 448 512\"><path d=\"M447.1 256C447.1 273.7 433.7 288 416 288H109.3l105.4 105.4c12.5 12.5 12.5 32.75 0 45.25C208.4 444.9 200.2 448 192 448s-16.38-3.125-22.62-9.375l-160-160c-12.5-12.5-12.5-32.75 0-45.25l160-160c12.5-12.5 32.75-12.5 45.25 0s12.5 32.75 0 45.25L109.3 224H416C433.7 224 447.1 238.3 447.1 256z\"><\/path><\/svg><\/span><div class=\"uagb-button__link\">M\u00e1s formas de pago<\/div><\/a><\/div><\/div>\n<\/div><\/div>\n\n\n\n<div class=\"wp-block-columns is-layout-flex wp-container-core-columns-is-layout-28f84493 wp-block-columns-is-layout-flex\">\n<div class=\"wp-block-column is-layout-flow wp-block-column-is-layout-flow\">\n<h2 class=\"wp-block-heading has-background-alt-color has-text-color has-medium-plus-font-size\" id=\"h-alipay-hk\" style=\"margin-bottom:var(--wp--preset--spacing--40)\">Alipay HK<\/h2>\n\n\n\n<p class=\"has-text-color has-tiny-plus-font-size\" style=\"color:#333333;margin-top:0\">AlipayHK ofrece a los usuarios de Hong Kong servicios de monedero electr\u00f3nico como pagos y transferencias por m\u00f3vil, incluyendo compras offline por m\u00f3vil, pagos diarios, transferencias electr\u00f3nicas entre usuarios, etc. AlipayHK cuenta con una avanzada tecnolog\u00eda de control de riesgos para garantizar la seguridad y solidez del sistema de pago electr\u00f3nico.<\/p>\n<\/div>\n<\/div>\n<\/div>\n\n\n\n<div class=\"wp-block-column is-layout-flow wp-block-column-is-layout-flow\" style=\"padding-top:var(--wp--preset--spacing--30);flex-basis:500px\">\n<div class=\"wp-block-columns has-background is-layout-flex wp-container-core-columns-is-layout-a713553b wp-block-columns-is-layout-flex\" style=\"border-radius:16px;background-color:#d2edf8;padding-top:120px;padding-bottom:120px\">\n<div class=\"wp-block-column is-layout-flow wp-block-column-is-layout-flow\">\n<figure class=\"wp-block-image aligncenter size-full is-resized\"><img decoding=\"async\" src=\"https:\/\/wooshpay-official-img.oss-accelerate.aliyuncs.com\/wp-content\/uploads\/2023\/07\/6_Alipay-HK.png?x-oss-process=style\/webp\" alt=\"\" class=\"wp-image-11258\" style=\"width:91px;height:61px\" width=\"91\" height=\"61\"\/><\/figure>\n<\/div>\n<\/div>\n<\/div>\n<\/div>\n<\/div>\n\n\n\n<div class=\"wp-block-group alignfull has-global-padding is-layout-constrained wp-block-group-is-layout-constrained\">\n<div class=\"wp-block-group alignfull has-background-background-color has-background has-global-padding is-layout-constrained wp-container-core-group-is-layout-cab40a1a wp-block-group-is-layout-constrained\" style=\"padding-right:7vw;padding-bottom:120px;padding-left:7vw\">\n<div class=\"wp-block-columns alignwide is-layout-flex wp-container-core-columns-is-layout-28f84493 wp-block-columns-is-layout-flex\">\n<div class=\"wp-block-column is-layout-flow wp-block-column-is-layout-flow\">\n<figure class=\"wp-block-image size-full is-resized\"><img decoding=\"async\" src=\"https:\/\/wooshpay-official-img.oss-accelerate.aliyuncs.com\/wp-content\/uploads\/2023\/08\/iocn_1.png?x-oss-process=style\/webp\" alt=\"\" class=\"wp-image-13146\" style=\"height:50px\" height=\"50\"\/><\/figure>\n\n\n\n<h6 class=\"wp-block-heading has-text-color\" id=\"h-expanding-into-new-global-markets\" style=\"color:#333333;margin-top:0;margin-right:0;margin-bottom:var(--wp--preset--spacing--30);margin-left:0;font-size:clamp(14.642px, 0.915rem + ((1vw - 3.2px) * 0.575), 22px);\">Expansi\u00f3n a nuevos mercados mundiales<\/h6>\n\n\n\n<p class=\"has-text-color has-tiny-plus-font-size\" style=\"color:#666666;margin-top:0;margin-bottom:0\">Cada pa\u00eds tiene sus propias preferencias en cuanto a los m\u00e9todos de pago. Ofrezca los m\u00e9todos de pago requeridos por los consumidores locales.<\/p>\n<\/div>\n\n\n\n<div class=\"wp-block-column is-layout-flow wp-block-column-is-layout-flow\">\n<figure class=\"wp-block-image size-full is-resized\"><img decoding=\"async\" src=\"https:\/\/wooshpay-official-img.oss-accelerate.aliyuncs.com\/wp-content\/uploads\/2023\/08\/icon_2-2.png?x-oss-process=style\/webp\" alt=\"\" class=\"wp-image-13144\" style=\"height:50px\" height=\"50\"\/><\/figure>\n\n\n\n<h6 class=\"wp-block-heading has-text-color\" id=\"h-increasing-conversion-rates\" style=\"color:#333333;margin-top:0;margin-right:0;margin-bottom:var(--wp--preset--spacing--30);margin-left:0;font-size:clamp(14.642px, 0.915rem + ((1vw - 3.2px) * 0.575), 22px);\">Aumentar las tasas de conversi\u00f3n<\/h6>\n\n\n\n<p class=\"has-text-color has-tiny-plus-font-size\" style=\"color:#666666;margin-top:0;margin-bottom:0\">Debido a la utilizaci\u00f3n de conexiones de procesamiento locales, las entidades emisoras favorecen en mayor medida los m\u00e9todos de pago locales.<\/p>\n<\/div>\n\n\n\n<div class=\"wp-block-column is-layout-flow wp-block-column-is-layout-flow\">\n<figure class=\"wp-block-image size-full is-resized\"><img decoding=\"async\" src=\"https:\/\/wooshpay-official-img.oss-accelerate.aliyuncs.com\/wp-content\/uploads\/2023\/08\/icon_3-1.png?x-oss-process=style\/webp\" alt=\"\" class=\"wp-image-13145\" style=\"height:50px\" height=\"50\"\/><\/figure>\n\n\n\n<h6 class=\"wp-block-heading has-text-color\" id=\"h-integrated-integration\" style=\"color:#333333;margin-top:0;margin-right:0;margin-bottom:var(--wp--preset--spacing--30);margin-left:0;font-size:clamp(14.642px, 0.915rem + ((1vw - 3.2px) * 0.575), 22px);\">Integraci\u00f3n<\/h6>\n\n\n\n<p class=\"has-text-color has-tiny-plus-font-size\" style=\"color:#666666;margin-top:0;margin-bottom:0\">Para lograr un uso generalizado de los pagos en todo el mundo, se recomienda adoptar una integraci\u00f3n integrada que garantice la vinculaci\u00f3n colaborativa de los proveedores de pagos y las entidades adquirentes.<\/p>\n<\/div>\n<\/div>\n<\/div>\n<\/div>","protected":false},"excerpt":{"rendered":"<p>Alipay HK AlipayHK provides Hong Kong users with electronic wallet services such as mobile payment and transfer, including offline mobile payment shopping, daily payment, electronic transfer between users, etc. AlipayHK has advanced risk control technology to ensure the safety and robustness of the electronic payment system. Expanding into New Global Markets Different countries exhibit distinct [&hellip;]<\/p>","protected":false},"author":1,"featured_media":17289,"parent":0,"menu_order":0,"comment_status":"closed","ping_status":"closed","template":"","meta":{"_uag_custom_page_level_css":"","footnotes":""},"class_list":["post-11425","page","type-page","status-publish","has-post-thumbnail","hentry"],"yoast_head":"<!-- This site is optimized with the Yoast SEO Premium plugin v20.8 (Yoast SEO v24.9) - https:\/\/yoast.com\/wordpress\/plugins\/seo\/ -->\n<title>Alipay HK - WooshPay<\/title>\n<meta name=\"robots\" content=\"index, follow, max-snippet:-1, max-image-preview:large, max-video-preview:-1\" \/>\n<link rel=\"canonical\" href=\"https:\/\/wooshpay.com\/es\/alipay-hk\/\" \/>\n<meta property=\"og:locale\" content=\"es_ES\" \/>\n<meta property=\"og:type\" content=\"article\" \/>\n<meta property=\"og:title\" content=\"Alipay HK\" \/>\n<meta property=\"og:description\" content=\"Alipay HK AlipayHK provides Hong Kong users with electronic wallet services such as mobile payment and transfer, including offline mobile payment shopping, daily payment, electronic transfer between users, etc. AlipayHK has advanced risk control technology to ensure the safety and robustness of the electronic payment system. Expanding into New Global Markets Different countries exhibit distinct [&hellip;]\" \/>\n<meta property=\"og:url\" content=\"https:\/\/wooshpay.com\/es\/alipay-hk\/\" \/>\n<meta property=\"og:site_name\" content=\"WooshPay\" \/>\n<meta property=\"article:modified_time\" content=\"2023-08-18T08:41:25+00:00\" \/>\n<meta property=\"og:image\" content=\"https:\/\/wooshpay-official-img.oss-accelerate.aliyuncs.com\/wp-content\/uploads\/2024\/07\/pic_home_new-2.png\" \/>\n\t<meta property=\"og:image:width\" content=\"2138\" \/>\n\t<meta property=\"og:image:height\" content=\"1438\" \/>\n\t<meta property=\"og:image:type\" content=\"image\/png\" \/>\n<meta name=\"twitter:card\" content=\"summary_large_image\" \/>\n<meta name=\"twitter:label1\" content=\"Est. reading time\" \/>\n\t<meta name=\"twitter:data1\" content=\"2 minutos\" \/>\n<script type=\"application\/ld+json\" class=\"yoast-schema-graph\">{\"@context\":\"https:\/\/schema.org\",\"@graph\":[{\"@type\":\"WebPage\",\"@id\":\"https:\/\/wooshpay.com\/es\/alipay-hk\/\",\"url\":\"https:\/\/wooshpay.com\/es\/alipay-hk\/\",\"name\":\"Alipay HK - WooshPay\",\"isPartOf\":{\"@id\":\"https:\/\/www.wooshpay.com\/zh\/#website\"},\"primaryImageOfPage\":{\"@id\":\"https:\/\/wooshpay.com\/es\/alipay-hk\/#primaryimage\"},\"image\":{\"@id\":\"https:\/\/wooshpay.com\/es\/alipay-hk\/#primaryimage\"},\"thumbnailUrl\":\"https:\/\/wooshpay-official-img.oss-accelerate.aliyuncs.com\/wp-content\/uploads\/2024\/07\/pic_home_new-2.png\",\"datePublished\":\"2023-07-27T08:45:00+00:00\",\"dateModified\":\"2023-08-18T08:41:25+00:00\",\"breadcrumb\":{\"@id\":\"https:\/\/wooshpay.com\/es\/alipay-hk\/#breadcrumb\"},\"inLanguage\":\"es\",\"potentialAction\":[{\"@type\":\"ReadAction\",\"target\":[\"https:\/\/wooshpay.com\/es\/alipay-hk\/\"]}]},{\"@type\":\"ImageObject\",\"inLanguage\":\"es\",\"@id\":\"https:\/\/wooshpay.com\/es\/alipay-hk\/#primaryimage\",\"url\":\"https:\/\/wooshpay-official-img.oss-accelerate.aliyuncs.com\/wp-content\/uploads\/2024\/07\/pic_home_new-2.png\",\"contentUrl\":\"https:\/\/wooshpay-official-img.oss-accelerate.aliyuncs.com\/wp-content\/uploads\/2024\/07\/pic_home_new-2.png\",\"width\":2138,\"height\":1438},{\"@type\":\"BreadcrumbList\",\"@id\":\"https:\/\/wooshpay.com\/es\/alipay-hk\/#breadcrumb\",\"itemListElement\":[{\"@type\":\"ListItem\",\"position\":1,\"name\":\"Home\",\"item\":\"https:\/\/www.wooshpay.com\/zh\/\"},{\"@type\":\"ListItem\",\"position\":2,\"name\":\"Alipay HK\"}]},{\"@type\":\"WebSite\",\"@id\":\"https:\/\/www.wooshpay.com\/zh\/#website\",\"url\":\"https:\/\/www.wooshpay.com\/zh\/\",\"name\":\"WooshPay\",\"description\":\"One-stop payment platform\",\"potentialAction\":[{\"@type\":\"SearchAction\",\"target\":{\"@type\":\"EntryPoint\",\"urlTemplate\":\"https:\/\/www.wooshpay.com\/zh\/?s={search_term_string}\"},\"query-input\":{\"@type\":\"PropertyValueSpecification\",\"valueRequired\":true,\"valueName\":\"search_term_string\"}}],\"inLanguage\":\"es\"}]}<\/script>\n<!-- \/ Yoast SEO Premium plugin. -->","yoast_head_json":{"title":"Alipay HK - WooshPay","robots":{"index":"index","follow":"follow","max-snippet":"max-snippet:-1","max-image-preview":"max-image-preview:large","max-video-preview":"max-video-preview:-1"},"canonical":"https:\/\/wooshpay.com\/es\/alipay-hk\/","og_locale":"es_ES","og_type":"article","og_title":"Alipay HK","og_description":"Alipay HK AlipayHK provides Hong Kong users with electronic wallet services such as mobile payment and transfer, including offline mobile payment shopping, daily payment, electronic transfer between users, etc. AlipayHK has advanced risk control technology to ensure the safety and robustness of the electronic payment system. Expanding into New Global Markets Different countries exhibit distinct [&hellip;]","og_url":"https:\/\/wooshpay.com\/es\/alipay-hk\/","og_site_name":"WooshPay","article_modified_time":"2023-08-18T08:41:25+00:00","og_image":[{"width":2138,"height":1438,"url":"https:\/\/wooshpay-official-img.oss-accelerate.aliyuncs.com\/wp-content\/uploads\/2024\/07\/pic_home_new-2.png","type":"image\/png"}],"twitter_card":"summary_large_image","twitter_misc":{"Est. reading time":"2 minutos"},"schema":{"@context":"https:\/\/schema.org","@graph":[{"@type":"WebPage","@id":"https:\/\/wooshpay.com\/es\/alipay-hk\/","url":"https:\/\/wooshpay.com\/es\/alipay-hk\/","name":"Alipay HK - WooshPay","isPartOf":{"@id":"https:\/\/www.wooshpay.com\/zh\/#website"},"primaryImageOfPage":{"@id":"https:\/\/wooshpay.com\/es\/alipay-hk\/#primaryimage"},"image":{"@id":"https:\/\/wooshpay.com\/es\/alipay-hk\/#primaryimage"},"thumbnailUrl":"https:\/\/wooshpay-official-img.oss-accelerate.aliyuncs.com\/wp-content\/uploads\/2024\/07\/pic_home_new-2.png","datePublished":"2023-07-27T08:45:00+00:00","dateModified":"2023-08-18T08:41:25+00:00","breadcrumb":{"@id":"https:\/\/wooshpay.com\/es\/alipay-hk\/#breadcrumb"},"inLanguage":"es","potentialAction":[{"@type":"ReadAction","target":["https:\/\/wooshpay.com\/es\/alipay-hk\/"]}]},{"@type":"ImageObject","inLanguage":"es","@id":"https:\/\/wooshpay.com\/es\/alipay-hk\/#primaryimage","url":"https:\/\/wooshpay-official-img.oss-accelerate.aliyuncs.com\/wp-content\/uploads\/2024\/07\/pic_home_new-2.png","contentUrl":"https:\/\/wooshpay-official-img.oss-accelerate.aliyuncs.com\/wp-content\/uploads\/2024\/07\/pic_home_new-2.png","width":2138,"height":1438},{"@type":"BreadcrumbList","@id":"https:\/\/wooshpay.com\/es\/alipay-hk\/#breadcrumb","itemListElement":[{"@type":"ListItem","position":1,"name":"Home","item":"https:\/\/www.wooshpay.com\/zh\/"},{"@type":"ListItem","position":2,"name":"Alipay HK"}]},{"@type":"WebSite","@id":"https:\/\/www.wooshpay.com\/zh\/#website","url":"https:\/\/www.wooshpay.com\/zh\/","name":"WooshPay","description":"Plataforma de pago \u00fanica","potentialAction":[{"@type":"SearchAction","target":{"@type":"EntryPoint","urlTemplate":"https:\/\/www.wooshpay.com\/zh\/?s={search_term_string}"},"query-input":{"@type":"PropertyValueSpecification","valueRequired":true,"valueName":"search_term_string"}}],"inLanguage":"es"}]}},"uagb_featured_image_src":{"full":["https:\/\/wooshpay-official-img.oss-accelerate.aliyuncs.com\/wp-content\/uploads\/2024\/07\/pic_home_new-2.png",2138,1438,false],"thumbnail":["https:\/\/wooshpay-official-img.oss-accelerate.aliyuncs.com\/wp-content\/uploads\/2024\/07\/pic_home_new-2-150x150.png",150,150,true],"medium":["https:\/\/wooshpay-official-img.oss-accelerate.aliyuncs.com\/wp-content\/uploads\/2024\/07\/pic_home_new-2-300x202.png",300,202,true],"medium_large":["https:\/\/wooshpay-official-img.oss-accelerate.aliyuncs.com\/wp-content\/uploads\/2024\/07\/pic_home_new-2-768x517.png",768,517,true],"large":["https:\/\/wooshpay-official-img.oss-accelerate.aliyuncs.com\/wp-content\/uploads\/2024\/07\/pic_home_new-2-1024x689.png",1024,689,true],"1536x1536":["https:\/\/wooshpay-official-img.oss-accelerate.aliyuncs.com\/wp-content\/uploads\/2024\/07\/pic_home_new-2-1536x1033.png",1536,1033,true],"2048x2048":["https:\/\/wooshpay-official-img.oss-accelerate.aliyuncs.com\/wp-content\/uploads\/2024\/07\/pic_home_new-2-2048x1377.png",2048,1377,true],"trp-custom-language-flag":["https:\/\/wooshpay-official-img.oss-accelerate.aliyuncs.com\/wp-content\/uploads\/2024\/07\/pic_home_new-2-18x12.png",18,12,true]},"uagb_author_info":{"display_name":"wooshpaysite\u7ba1\u7406\u5458","author_link":"https:\/\/d2jcf4noflr1cd.cloudfront.net\/es\/author\/wooshpaysiteadmin\/"},"uagb_comment_info":0,"uagb_excerpt":"Alipay HK AlipayHK provides Hong Kong users with electronic wallet services such as mobile payment and transfer, including offline mobile payment shopping, daily payment, electronic transfer between users, etc. AlipayHK has advanced risk control technology to ensure the safety and robustness of the electronic payment system. Expanding into New Global Markets Different countries exhibit distinct&hellip;","_links":{"self":[{"href":"https:\/\/d2jcf4noflr1cd.cloudfront.net\/es\/wp-json\/wp\/v2\/pages\/11425","targetHints":{"allow":["GET"]}}],"collection":[{"href":"https:\/\/d2jcf4noflr1cd.cloudfront.net\/es\/wp-json\/wp\/v2\/pages"}],"about":[{"href":"https:\/\/d2jcf4noflr1cd.cloudfront.net\/es\/wp-json\/wp\/v2\/types\/page"}],"author":[{"embeddable":true,"href":"https:\/\/d2jcf4noflr1cd.cloudfront.net\/es\/wp-json\/wp\/v2\/users\/1"}],"replies":[{"embeddable":true,"href":"https:\/\/d2jcf4noflr1cd.cloudfront.net\/es\/wp-json\/wp\/v2\/comments?post=11425"}],"version-history":[{"count":0,"href":"https:\/\/d2jcf4noflr1cd.cloudfront.net\/es\/wp-json\/wp\/v2\/pages\/11425\/revisions"}],"wp:featuredmedia":[{"embeddable":true,"href":"https:\/\/d2jcf4noflr1cd.cloudfront.net\/es\/wp-json\/wp\/v2\/media\/17289"}],"wp:attachment":[{"href":"https:\/\/d2jcf4noflr1cd.cloudfront.net\/es\/wp-json\/wp\/v2\/media?parent=11425"}],"curies":[{"name":"wp","href":"https:\/\/api.w.org\/{rel}","templated":true}]}}